{"id":9179,"date":"2024-09-24T13:46:52","date_gmt":"2024-09-24T12:46:52","guid":{"rendered":"https:\/\/talents2germany.de\/ag\/?page_id=9179"},"modified":"2025-11-28T21:06:48","modified_gmt":"2025-11-28T21:06:48","slug":"startseite","status":"publish","type":"page","link":"https:\/\/talents2germany.de\/ag\/de\/startseite\/","title":{"rendered":"STARTSEITE"},"content":{"rendered":"\t\t<div data-elementor-type=\"wp-page\" data-elementor-id=\"9179\" class=\"elementor elementor-9179\" data-elementor-post-type=\"page\">\n\t\t\t\t\t\t\t<div class=\"elementor-element elementor-element-18643663 e-flex e-con-boxed e-con e-parent\" data-id=\"18643663\" data-element_type=\"container\" data-settings=\"{&quot;content_width&quot;:&quot;boxed&quot;}\" data-core-v316-plus=\"true\">\n\t\t\t\t\t<div class=\"e-con-inner\">\n\t\t\t\t<div class=\"elementor-element elementor-element-106c0a11 elementor-widget elementor-widget-text-editor\" data-id=\"106c0a11\" data-element_type=\"widget\" data-widget_type=\"text-editor.default\">\n\t\t\t\t<div class=\"elementor-widget-container\">\n\t\t\t<style>\/*! elementor - v3.18.0 - 08-12-2023 *\/\n.elementor-widget-text-editor.elementor-drop-cap-view-stacked .elementor-drop-cap{background-color:#69727d;color:#fff}.elementor-widget-text-editor.elementor-drop-cap-view-framed .elementor-drop-cap{color:#69727d;border:3px solid;background-color:transparent}.elementor-widget-text-editor:not(.elementor-drop-cap-view-default) .elementor-drop-cap{margin-top:8px}.elementor-widget-text-editor:not(.elementor-drop-cap-view-default) .elementor-drop-cap-letter{width:1em;height:1em}.elementor-widget-text-editor .elementor-drop-cap{float:left;text-align:center;line-height:1;font-size:50px}.elementor-widget-text-editor .elementor-drop-cap-letter{display:inline-block}<\/style>\t\t\t\t<style>\/*! elementor - v3.18.0 - 08-12-2023 *\/\n.elementor-column .elementor-spacer-inner{height:var(--spacer-size)}.e-con{--container-widget-width:100%}.e-con-inner>.elementor-widget-spacer,.e-con>.elementor-widget-spacer{width:var(--container-widget-width,var(--spacer-size));--align-self:var(--container-widget-align-self,initial);--flex-shrink:0}.e-con-inner>.elementor-widget-spacer>.elementor-widget-container,.e-con>.elementor-widget-spacer>.elementor-widget-container{height:100%;width:100%}.e-con-inner>.elementor-widget-spacer>.elementor-widget-container>.elementor-spacer,.e-con>.elementor-widget-spacer>.elementor-widget-container>.elementor-spacer{height:100%}.e-con-inner>.elementor-widget-spacer>.elementor-widget-container>.elementor-spacer>.elementor-spacer-inner,.e-con>.elementor-widget-spacer>.elementor-widget-container>.elementor-spacer>.elementor-spacer-inner{height:var(--container-widget-height,var(--spacer-size))}.e-con-inner>.elementor-widget-spacer.elementor-widget-empty,.e-con>.elementor-widget-spacer.elementor-widget-empty{position:relative;min-height:22px;min-width:22px}.e-con-inner>.elementor-widget-spacer.elementor-widget-empty .elementor-widget-empty-icon,.e-con>.elementor-widget-spacer.elementor-widget-empty .elementor-widget-empty-icon{position:absolute;top:0;bottom:0;left:0;right:0;margin:auto;padding:0;width:22px;height:22px}<\/style>\n\t\t\t<style>\/*! elementor - v3.18.0 - 08-12-2023 *\/\n.elementor-heading-title{padding:0;margin:0;line-height:1}.elementor-widget-heading .elementor-heading-title[class*=elementor-size-]>a{color:inherit;font-size:inherit;line-height:inherit}.elementor-widget-heading .elementor-heading-title.elementor-size-small{font-size:15px}.elementor-widget-heading .elementor-heading-title.elementor-size-medium{font-size:19px}.elementor-widget-heading .elementor-heading-title.elementor-size-large{font-size:29px}.elementor-widget-heading .elementor-heading-title.elementor-size-xl{font-size:39px}.elementor-widget-heading .elementor-heading-title.elementor-size-xxl{font-size:59px}<\/style><h2>Ingenieure, IT,\nTechnische <br \/>Fachkr\u00e4fte\nF\u00fcr Deutschland<\/h2>\n\t\t\t<a href=\"#\">\n\t\t\t\t\t\tKONTAKT\n\t\t\t\t\t<\/a>\n\t\t\t<h2>Was sind die Herausforderungen f\u00fcr Arbeitgeber?<\/h2>\n\t\t\t<style>\/*! elementor - v3.18.0 - 08-12-2023 *\/\n.elementor-widget-image{text-align:center}.elementor-widget-image a{display:inline-block}.elementor-widget-image a img[src$=\".svg\"]{width:48px}.elementor-widget-image img{vertical-align:middle;display:inline-block}<\/style>\t\t\t\t\t\t\t\t\t\t\t\t<img fetchpriority=\"high\" decoding=\"async\" width=\"7429\" height=\"4183\" src=\"http:\/\/talents2germany.de\/ag\/wp-content\/uploads\/2024\/06\/Video-Thumbnail@4x.png\" alt=\"\" srcset=\"https:\/\/talents2germany.de\/ag\/wp-content\/uploads\/2024\/06\/Video-Thumbnail@4x.png 7429w, https:\/\/talents2germany.de\/ag\/wp-content\/uploads\/2024\/06\/Video-Thumbnail@4x-300x169.png 300w, https:\/\/talents2germany.de\/ag\/wp-content\/uploads\/2024\/06\/Video-Thumbnail@4x-1024x577.png 1024w, https:\/\/talents2germany.de\/ag\/wp-content\/uploads\/2024\/06\/Video-Thumbnail@4x-768x432.png 768w, https:\/\/talents2germany.de\/ag\/wp-content\/uploads\/2024\/06\/Video-Thumbnail@4x-1536x865.png 1536w, https:\/\/talents2germany.de\/ag\/wp-content\/uploads\/2024\/06\/Video-Thumbnail@4x-2048x1153.png 2048w\" sizes=\"(max-width: 7429px) 100vw, 7429px\" \/>\n\t\t\t<h2>Unsere L\u00f6sungen<\/h2>\n\t\t\t<h2>&#8220;>&#8221;>Active Placement<\/h2>\n\t\t<p style=\"text-align: center;\">KANDIDATEN, DIE AM VOLLSTANDIGEN PROGRAMM TEILNEHMEN<\/p>\n\t\t\t<a href=\"#\">\n\t\t\t\t\t\tSIEHE DETAILS\n\t\t\t\t\t<\/a>\n\t\t\t\t\t\t\t\t\t\t\t\t\t\t\t<img decoding=\"async\" width=\"2892\" height=\"2388\" src=\"http:\/\/talents2germany.de\/ag\/wp-content\/uploads\/2024\/07\/C1@4x.png\" alt=\"\" srcset=\"https:\/\/talents2germany.de\/ag\/wp-content\/uploads\/2024\/07\/C1@4x.png 2892w, https:\/\/talents2germany.de\/ag\/wp-content\/uploads\/2024\/07\/C1@4x-300x248.png 300w, https:\/\/talents2germany.de\/ag\/wp-content\/uploads\/2024\/07\/C1@4x-1024x846.png 1024w, https:\/\/talents2germany.de\/ag\/wp-content\/uploads\/2024\/07\/C1@4x-768x634.png 768w, https:\/\/talents2germany.de\/ag\/wp-content\/uploads\/2024\/07\/C1@4x-1536x1268.png 1536w, https:\/\/talents2germany.de\/ag\/wp-content\/uploads\/2024\/07\/C1@4x-2048x1691.png 2048w\" sizes=\"(max-width: 2892px) 100vw, 2892px\" \/>\n\t\t\t<h2>&#8220;>&#8221;>StartUp Patronship<\/h2>\n\t\t<p style=\"text-align: center;\">Talent und Chancen <br \/>verbinden.<\/p>\n\t\t\t<a href=\"#\">\n\t\t\t\t\t\tSIEHE DETAILS\n\t\t\t\t\t<\/a>\n\t\t\t\t\t\t\t\t\t\t\t\t\t\t\t<img decoding=\"async\" width=\"3439\" height=\"2867\" src=\"http:\/\/talents2germany.de\/ag\/wp-content\/uploads\/2024\/07\/C2@4x.png\" alt=\"\" srcset=\"https:\/\/talents2germany.de\/ag\/wp-content\/uploads\/2024\/07\/C2@4x.png 3439w, https:\/\/talents2germany.de\/ag\/wp-content\/uploads\/2024\/07\/C2@4x-300x250.png 300w, https:\/\/talents2germany.de\/ag\/wp-content\/uploads\/2024\/07\/C2@4x-1024x854.png 1024w, https:\/\/talents2germany.de\/ag\/wp-content\/uploads\/2024\/07\/C2@4x-768x640.png 768w, https:\/\/talents2germany.de\/ag\/wp-content\/uploads\/2024\/07\/C2@4x-1536x1281.png 1536w, https:\/\/talents2germany.de\/ag\/wp-content\/uploads\/2024\/07\/C2@4x-2048x1707.png 2048w\" sizes=\"(max-width: 3439px) 100vw, 3439px\" \/>\n\t\t\t<h2>&#8220;>&#8221;>Global Scouting<\/h2>\n\t\t<p style=\"text-align: center;\">WIR FINDEN JEDEN <br \/>F\u00dcR SIE!<\/p>\n\t\t\t<a href=\"#\">\n\t\t\t\t\t\tSIEHE DETAILS\n\t\t\t\t\t<\/a>\n\t\t\t\t\t\t\t\t\t\t\t\t\t\t\t<img loading=\"lazy\" decoding=\"async\" width=\"3439\" height=\"2867\" src=\"http:\/\/talents2germany.de\/ag\/wp-content\/uploads\/2024\/07\/C33-01-01.png\" alt=\"\" srcset=\"https:\/\/talents2germany.de\/ag\/wp-content\/uploads\/2024\/07\/C33-01-01.png 3439w, https:\/\/talents2germany.de\/ag\/wp-content\/uploads\/2024\/07\/C33-01-01-300x250.png 300w, https:\/\/talents2germany.de\/ag\/wp-content\/uploads\/2024\/07\/C33-01-01-1024x854.png 1024w, https:\/\/talents2germany.de\/ag\/wp-content\/uploads\/2024\/07\/C33-01-01-768x640.png 768w, https:\/\/talents2germany.de\/ag\/wp-content\/uploads\/2024\/07\/C33-01-01-1536x1281.png 1536w, https:\/\/talents2germany.de\/ag\/wp-content\/uploads\/2024\/07\/C33-01-01-2048x1707.png 2048w\" sizes=\"(max-width: 3439px) 100vw, 3439px\" \/>\t\t\t\t\t\t<\/div>\n\t\t\t\t<\/div>\n\t\t\t\t\t<\/div>\n\t\t\t\t<\/div>\n\t\t\t\t\t\t\t<\/div>\n\t\t","protected":false},"excerpt":{"rendered":"<p>Ingenieure, IT, Technische Fachkr\u00e4fte F\u00fcr Deutschland KONTAKT Was sind die Herausforderungen f\u00fcr Arbeitgeber? Unsere L\u00f6sungen &#8220;>&#8221;>Active Placement KANDIDATEN, DIE AM VOLLSTANDIGEN PROGRAMM TEILNEHMEN SIEHE DETAILS &#8220;>&#8221;>StartUp Patronship Talent und Chancen verbinden. SIEHE DETAILS &#8220;>&#8221;>Global Scouting WIR FINDEN JEDEN F\u00dcR SIE! SIEHE DETAILS<\/p>\n","protected":false},"author":8784,"featured_media":0,"parent":0,"menu_order":0,"comment_status":"closed","ping_status":"closed","template":"","meta":{"_acf_changed":false,"_mi_skip_tracking":false,"_monsterinsights_sitenote_active":false,"_monsterinsights_sitenote_note":"","_monsterinsights_sitenote_category":0,"_themeisle_gutenberg_block_has_review":false,"footnotes":""},"blocksy_meta":[],"acf":[],"aioseo_notices":[],"_links":{"self":[{"href":"https:\/\/talents2germany.de\/ag\/wp-json\/wp\/v2\/pages\/9179"}],"collection":[{"href":"https:\/\/talents2germany.de\/ag\/wp-json\/wp\/v2\/pages"}],"about":[{"href":"https:\/\/talents2germany.de\/ag\/wp-json\/wp\/v2\/types\/page"}],"author":[{"embeddable":true,"href":"https:\/\/talents2germany.de\/ag\/wp-json\/wp\/v2\/users\/8784"}],"replies":[{"embeddable":true,"href":"https:\/\/talents2germany.de\/ag\/wp-json\/wp\/v2\/comments?post=9179"}],"version-history":[{"count":3,"href":"https:\/\/talents2germany.de\/ag\/wp-json\/wp\/v2\/pages\/9179\/revisions"}],"predecessor-version":[{"id":17252,"href":"https:\/\/talents2germany.de\/ag\/wp-json\/wp\/v2\/pages\/9179\/revisions\/17252"}],"wp:attachment":[{"href":"https:\/\/talents2germany.de\/ag\/wp-json\/wp\/v2\/media?parent=9179"}],"curies":[{"name":"wp","href":"https:\/\/api.w.org\/{rel}","templated":true}]}}