{"id":8957,"date":"2024-09-10T13:25:45","date_gmt":"2024-09-10T12:25:45","guid":{"rendered":"https:\/\/talents2germany.de\/ag\/?page_id=8957"},"modified":"2024-09-10T13:25:45","modified_gmt":"2024-09-10T12:25:45","slug":"startup-reprasentant","status":"publish","type":"page","link":"https:\/\/talents2germany.de\/ag\/en\/startup-reprasentant\/","title":{"rendered":"Startup-Repr\u00e4sentant f\u00fcr Talents2Germany in Deiner City!"},"content":{"rendered":"\t\t<div data-elementor-type=\"wp-page\" data-elementor-id=\"8957\" class=\"elementor elementor-8957\" data-elementor-post-type=\"page\">\n\t\t\t\t\t\t\t<div class=\"elementor-element elementor-element-4e984cf e-flex e-con-boxed e-con e-parent\" data-id=\"4e984cf\" data-element_type=\"container\" data-settings=\"{&quot;content_width&quot;:&quot;boxed&quot;}\" data-core-v316-plus=\"true\">\n\t\t\t\t\t<div class=\"e-con-inner\">\n\t\t\t\t<div class=\"elementor-element elementor-element-10c9da7 elementor-widget elementor-widget-image\" data-id=\"10c9da7\" data-element_type=\"widget\" data-widget_type=\"image.default\">\n\t\t\t\t<div class=\"elementor-widget-container\">\n\t\t\t<style>\/*! elementor - v3.18.0 - 08-12-2023 *\/\n.elementor-widget-image{text-align:center}.elementor-widget-image a{display:inline-block}.elementor-widget-image a img[src$=\".svg\"]{width:48px}.elementor-widget-image img{vertical-align:middle;display:inline-block}<\/style>\t\t\t\t\t\t\t\t\t\t\t\t<img fetchpriority=\"high\" decoding=\"async\" width=\"1024\" height=\"427\" src=\"https:\/\/talents2germany.de\/ag\/wp-content\/uploads\/sites\/2\/2024\/09\/Jobs-1024x427.jpg\" class=\"attachment-large size-large wp-image-8984\" alt=\"startup-reprasentant\" srcset=\"https:\/\/talents2germany.de\/ag\/wp-content\/uploads\/sites\/2\/2024\/09\/Jobs-1024x427.jpg 1024w, https:\/\/talents2germany.de\/ag\/wp-content\/uploads\/sites\/2\/2024\/09\/Jobs-300x125.jpg 300w, https:\/\/talents2germany.de\/ag\/wp-content\/uploads\/sites\/2\/2024\/09\/Jobs-768x320.jpg 768w, https:\/\/talents2germany.de\/ag\/wp-content\/uploads\/sites\/2\/2024\/09\/Jobs-1536x640.jpg 1536w, https:\/\/talents2germany.de\/ag\/wp-content\/uploads\/sites\/2\/2024\/09\/Jobs.jpg 1920w\" sizes=\"(max-width: 1024px) 100vw, 1024px\" \/>\t\t\t\t\t\t\t\t\t\t\t\t\t\t\t<\/div>\n\t\t\t\t<\/div>\n\t\t\t\t<div class=\"elementor-element elementor-element-8d7a41d elementor-widget elementor-widget-heading\" data-id=\"8d7a41d\" data-element_type=\"widget\" data-widget_type=\"heading.default\">\n\t\t\t\t<div class=\"elementor-widget-container\">\n\t\t\t<style>\/*! elementor - v3.18.0 - 08-12-2023 *\/\n.elementor-heading-title{padding:0;margin:0;line-height:1}.elementor-widget-heading .elementor-heading-title[class*=elementor-size-]>a{color:inherit;font-size:inherit;line-height:inherit}.elementor-widget-heading .elementor-heading-title.elementor-size-small{font-size:15px}.elementor-widget-heading .elementor-heading-title.elementor-size-medium{font-size:19px}.elementor-widget-heading .elementor-heading-title.elementor-size-large{font-size:29px}.elementor-widget-heading .elementor-heading-title.elementor-size-xl{font-size:39px}.elementor-widget-heading .elementor-heading-title.elementor-size-xxl{font-size:59px}<\/style><h2 class=\"elementor-heading-title elementor-size-default\">Startup-Repr\u00e4sentant f\u00fcr Talents2Germany in Deiner City!<\/h2>\t\t<\/div>\n\t\t\t\t<\/div>\n\t\t\t\t<div class=\"elementor-element elementor-element-a14849e elementor-widget elementor-widget-text-editor\" data-id=\"a14849e\" data-element_type=\"widget\" data-widget_type=\"text-editor.default\">\n\t\t\t\t<div class=\"elementor-widget-container\">\n\t\t\t<style>\/*! elementor - v3.18.0 - 08-12-2023 *\/\n.elementor-widget-text-editor.elementor-drop-cap-view-stacked .elementor-drop-cap{background-color:#69727d;color:#fff}.elementor-widget-text-editor.elementor-drop-cap-view-framed .elementor-drop-cap{color:#69727d;border:3px solid;background-color:transparent}.elementor-widget-text-editor:not(.elementor-drop-cap-view-default) .elementor-drop-cap{margin-top:8px}.elementor-widget-text-editor:not(.elementor-drop-cap-view-default) .elementor-drop-cap-letter{width:1em;height:1em}.elementor-widget-text-editor .elementor-drop-cap{float:left;text-align:center;line-height:1;font-size:50px}.elementor-widget-text-editor .elementor-drop-cap-letter{display:inline-block}<\/style>\t\t\t\t<p><b><i>Lust, auf coolen StartUp Events ein innovatives StartUp zu repr\u00e4sentieren?<\/i><\/b><\/p><p><span style=\"font-weight: 400;\">Willst du Talents2Germany auf spannenden StartUp-Events vertreten und weltweit Talente mit innovativen deutschen Unternehmen verbinden?\u00a0Wir suchen engagierte Studenten f\u00fcr unser multikulturelles Team \u2013 erfolgreiche Praktikanten haben dabei die M\u00f6glichkeit, in Vollzeit Teil unseres Teams zu werden. Finde mehr \u00fcber unser <a href=\"https:\/\/talents2germany.de\/ag\/patenschafts-programm\/\" target=\"_blank\" rel=\"noopener\">StartUp Patronship<\/a> heraus!<\/span><\/p><h5>Was bedeutet ein Praktikum als Start-up-Repr\u00e4sentant?<\/h5><p><span style=\"font-weight: 400;\">Talents2Germany verbindet Software-Ingenieure aus L\u00e4ndern mit gro\u00dfem W\u00e4hrungsunterschied mit deutschen Arbeitgebern. Unser Ziel ist es, diesen Fachkr\u00e4ften bessere Karrierechancen zu bieten und ihnen zu einem besseren Leben in Deutschland zu verhelfen. Dabei helfen wir deutschen Unternehmen, talentierte Entwickler zu finden und f\u00f6rdern so den Austausch von F\u00e4higkeiten und Kulturen.<\/span><\/p><p><strong><b><i>Dein Ziel als StartUp-Repr\u00e4sentant f\u00fcr T2G<\/i><\/b>:<\/strong><\/p><ul><li><i><span style=\"font-weight: 400;\">Leads generieren<\/span><\/i><span style=\"font-weight: 400;\">: Akquiriere StartUps als Arbeitgeber f\u00fcr unser StartUp Patronship Programm<\/span><\/li><li><i><span style=\"font-weight: 400;\">Veranstaltungen<\/span><\/i><span style=\"font-weight: 400;\">: Nimm an Messen, Workshops und Networking-Events teil, um T2G zu repr\u00e4sentieren<\/span><\/li><li><i><span style=\"font-weight: 400;\">Event-Repr\u00e4sentation<\/span><\/i><span style=\"font-weight: 400;\">: Pr\u00e4sentiere T2G auf deutschlandweiten StartUp Events<\/span><\/li><li><i><span style=\"font-weight: 400;\">Informationsvermittlung<\/span><\/i><span style=\"font-weight: 400;\">: Pitche unser Konzept und tritt in den aktiven Austausch mit Interessenten<\/span><\/li><li><i>Netzwerkaufbau<\/i>: Kn\u00fcpfe Kontakte mit anderen StartUps und interessierten Unternehmern<\/li><\/ul><h5><strong>Durch die Teilnahme an diesen Veranstaltungen als Startup-Repr\u00e4sentant k\u00f6nnen Sie<\/strong><strong>:<\/strong><\/h5><ul><li><span style=\"font-weight: 400;\">Als gefragter Gespr\u00e4chspartner mit anderen Unternehmen konferieren und an Vortr\u00e4gen und Panels teilnehmen.<\/span><\/li><li><span style=\"font-weight: 400;\">Flexibel an Events teilnehmen, die dir zusagen und dabei nette Schnittchen und Erfrischungen genie\u00dfen.\u00a0<\/span><\/li><li><span style=\"font-weight: 400;\">Aktiv networken und wichtige Kontakte kn\u00fcpfen, die dir sp\u00e4ter helfen werden, deine eigenen Ziele zu erreichen- ob Karriere oder eigenes StartUp.<\/span><\/li><li><span style=\"font-weight: 400;\">Eine Bezahlung in % vom erzielten Sale erhalten (auf Rechnung)<\/span><\/li><li><span style=\"font-weight: 400;\">Deine Pr\u00e4sentations- und Kommunikationsf\u00e4higkeiten sowie dein Engagement unter Beweis stellen.<\/span><\/li><\/ul><h6><em>Dein Profil:<\/em><\/h6><ul><li><i>Kommunikationsst\u00e4rke<\/i><span style=\"font-weight: 400;\"> und Freude am Netzwerken<\/span><\/li><li><i><span style=\"font-weight: 400;\">Kreativit\u00e4t und Eigeninitiative<\/span><\/i><span style=\"font-weight: 400;\"> bei der Entwicklung von Marketingstrategien<\/span><\/li><li><i><span style=\"font-weight: 400;\">Flie\u00dfende Deutsch- und Englischkenntnisse<\/span><\/i><\/li><li><i>Falls Du erg\u00e4nzend\/alternativ ein <\/i><a href=\"https:\/\/talents2germany.de\/ag\/marketing-praktikum-remote\/\" target=\"_blank\" rel=\"noopener\"><i>Vollzeit Praktikum<\/i><\/a><i> suchst, geht dies auch remote<\/i><\/li><\/ul><h5><strong><b><i>Was sind die n\u00e4chsten Schritte?<\/i><\/b><\/strong><\/h5><ol><li style=\"font-weight: 400;\" aria-level=\"1\"><span style=\"font-weight: 400;\">Bewerbung: F\u00fclle das Bewerbungsformular aus und teile uns deine Motivation und Verf\u00fcgbarkeit mit.<\/span><\/li><li style=\"font-weight: 400;\" aria-level=\"1\"><span style=\"font-weight: 400;\">Auswahl: Wir sichten deine Bewerbung und laden dich zu einem Gespr\u00e4ch ein.<\/span><\/li><li style=\"font-weight: 400;\" aria-level=\"1\"><span style=\"font-weight: 400;\">KickOff-Training: Erhalte eine umfassende Schulung zu Talents2Germany und dem Event-Auftritt.<\/span><\/li><li style=\"font-weight: 400;\" aria-level=\"1\"><span style=\"font-weight: 400;\">Einsatz: Besuche coole Events als unser Repr\u00e4sentant und bringe unser Unternehmen ins Gespr\u00e4ch.<\/span><\/li><li style=\"font-weight: 400;\" aria-level=\"1\"><span style=\"font-weight: 400;\">Feedback &amp; Weiterentwicklung: Nach den Events erh\u00e4ltst du Feedback und kannst dich weiterentwickeln<\/span>.<\/li><\/ol><p><b><i>Wir brauchen dich, um schnellere Kontakte zu kn\u00fcpfen. So k\u00f6nnen wir mehr talentierten Personen dabei helfen, ihre Karriere in Deutschland voranzutreiben, und gleichzeitig mehr StartUps durch ein starkes Team beim Wachstum unterst\u00fctzen.<\/i><\/b><\/p><p><b><i>Talents2Germany &#8211; Dein Sprungbrett in die StartUp-Welt!<\/i><\/b><\/p>\t\t\t\t\t\t<\/div>\n\t\t\t\t<\/div>\n\t\t\t\t\t<\/div>\n\t\t\t\t<\/div>\n\t\t<div class=\"elementor-element elementor-element-b4d935d e-con-full e-flex e-con e-parent\" data-id=\"b4d935d\" data-element_type=\"container\" data-settings=\"{&quot;content_width&quot;:&quot;full&quot;}\" data-core-v316-plus=\"true\">\n\t\t\t\t<div class=\"elementor-element elementor-element-fc0a142 elementor-widget elementor-widget-html\" data-id=\"fc0a142\" data-element_type=\"widget\" data-widget_type=\"html.default\">\n\t\t\t\t<div class=\"elementor-widget-container\">\n\t\t\t<iframe class=\"clickup-embed clickup-dynamic-height\" src=\"https:\/\/forms.clickup.com\/2448029\/f\/2apmx-15832\/M192GYW6MVURZOEFQO\" onwheel=\"\" width=\"100%\" height=\"100%\" style=\"background: transparent; border: 1px solid #ccc;\"><\/iframe><script async src=\"https:\/\/app-cdn.clickup.com\/assets\/js\/forms-embed\/v1.js\"><\/script>\t\t<\/div>\n\t\t\t\t<\/div>\n\t\t\t\t<\/div>\n\t\t\t\t\t\t\t<\/div>\n\t\t","protected":false},"excerpt":{"rendered":"<p>Startup-Repr\u00e4sentant f\u00fcr Talents2Germany in Deiner City! Lust, auf coolen StartUp Events ein innovatives StartUp zu repr\u00e4sentieren? Willst du Talents2Germany auf spannenden StartUp-Events vertreten und weltweit Talente mit innovativen deutschen Unternehmen verbinden?\u00a0Wir suchen engagierte Studenten f\u00fcr unser multikulturelles Team \u2013 erfolgreiche Praktikanten haben dabei die M\u00f6glichkeit, in Vollzeit Teil unseres Teams zu werden. Finde mehr \u00fcber [&hellip;]<\/p>\n","protected":false},"author":264,"featured_media":8984,"parent":0,"menu_order":0,"comment_status":"closed","ping_status":"closed","template":"","meta":{"_acf_changed":false,"_mi_skip_tracking":false,"_monsterinsights_sitenote_active":false,"_monsterinsights_sitenote_note":"","_monsterinsights_sitenote_category":0,"_themeisle_gutenberg_block_has_review":false,"footnotes":""},"blocksy_meta":[],"acf":[],"aioseo_notices":[],"_links":{"self":[{"href":"https:\/\/talents2germany.de\/ag\/wp-json\/wp\/v2\/pages\/8957"}],"collection":[{"href":"https:\/\/talents2germany.de\/ag\/wp-json\/wp\/v2\/pages"}],"about":[{"href":"https:\/\/talents2germany.de\/ag\/wp-json\/wp\/v2\/types\/page"}],"author":[{"embeddable":true,"href":"https:\/\/talents2germany.de\/ag\/wp-json\/wp\/v2\/users\/264"}],"replies":[{"embeddable":true,"href":"https:\/\/talents2germany.de\/ag\/wp-json\/wp\/v2\/comments?post=8957"}],"version-history":[{"count":0,"href":"https:\/\/talents2germany.de\/ag\/wp-json\/wp\/v2\/pages\/8957\/revisions"}],"wp:featuredmedia":[{"embeddable":true,"href":"https:\/\/talents2germany.de\/ag\/wp-json\/wp\/v2\/media\/8984"}],"wp:attachment":[{"href":"https:\/\/talents2germany.de\/ag\/wp-json\/wp\/v2\/media?parent=8957"}],"curies":[{"name":"wp","href":"https:\/\/api.w.org\/{rel}","templated":true}]}}