{"id":8876,"date":"2024-09-04T14:34:21","date_gmt":"2024-09-04T13:34:21","guid":{"rendered":"https:\/\/talents2germany.de\/ag\/?page_id=8876"},"modified":"2024-09-04T14:34:21","modified_gmt":"2024-09-04T13:34:21","slug":"marketing-praktikum-remote","status":"publish","type":"page","link":"https:\/\/talents2germany.de\/ag\/en\/marketing-praktikum-remote\/","title":{"rendered":"Werde Teil unseres Marketing-Teams \u2013 Talents2Germany (Remote)"},"content":{"rendered":"\t\t<div data-elementor-type=\"wp-page\" data-elementor-id=\"8876\" class=\"elementor elementor-8876\" data-elementor-post-type=\"page\">\n\t\t\t\t\t\t\t<div class=\"elementor-element elementor-element-4e984cf e-flex e-con-boxed e-con e-parent\" data-id=\"4e984cf\" data-element_type=\"container\" data-settings=\"{&quot;content_width&quot;:&quot;boxed&quot;}\" data-core-v316-plus=\"true\">\n\t\t\t\t\t<div class=\"e-con-inner\">\n\t\t\t\t<div class=\"elementor-element elementor-element-217fa21 elementor-widget elementor-widget-image\" data-id=\"217fa21\" data-element_type=\"widget\" data-widget_type=\"image.default\">\n\t\t\t\t<div class=\"elementor-widget-container\">\n\t\t\t<style>\/*! elementor - v3.18.0 - 08-12-2023 *\/\n.elementor-widget-image{text-align:center}.elementor-widget-image a{display:inline-block}.elementor-widget-image a img[src$=\".svg\"]{width:48px}.elementor-widget-image img{vertical-align:middle;display:inline-block}<\/style>\t\t\t\t\t\t\t\t\t\t\t\t<img fetchpriority=\"high\" decoding=\"async\" width=\"1024\" height=\"427\" src=\"https:\/\/talents2germany.de\/ag\/wp-content\/uploads\/sites\/2\/2024\/09\/Jobs-3-1024x427.jpg\" class=\"attachment-large size-large wp-image-9005\" alt=\"Marketing-Praktikum-bei-Talents2Germany-Remote\" srcset=\"https:\/\/talents2germany.de\/ag\/wp-content\/uploads\/sites\/2\/2024\/09\/Jobs-3-1024x427.jpg 1024w, https:\/\/talents2germany.de\/ag\/wp-content\/uploads\/sites\/2\/2024\/09\/Jobs-3-300x125.jpg 300w, https:\/\/talents2germany.de\/ag\/wp-content\/uploads\/sites\/2\/2024\/09\/Jobs-3-768x320.jpg 768w, https:\/\/talents2germany.de\/ag\/wp-content\/uploads\/sites\/2\/2024\/09\/Jobs-3-1536x640.jpg 1536w, https:\/\/talents2germany.de\/ag\/wp-content\/uploads\/sites\/2\/2024\/09\/Jobs-3.jpg 1920w\" sizes=\"(max-width: 1024px) 100vw, 1024px\" \/>\t\t\t\t\t\t\t\t\t\t\t\t\t\t\t<\/div>\n\t\t\t\t<\/div>\n\t\t\t\t<div class=\"elementor-element elementor-element-8d7a41d elementor-widget elementor-widget-heading\" data-id=\"8d7a41d\" data-element_type=\"widget\" data-widget_type=\"heading.default\">\n\t\t\t\t<div class=\"elementor-widget-container\">\n\t\t\t<style>\/*! elementor - v3.18.0 - 08-12-2023 *\/\n.elementor-heading-title{padding:0;margin:0;line-height:1}.elementor-widget-heading .elementor-heading-title[class*=elementor-size-]>a{color:inherit;font-size:inherit;line-height:inherit}.elementor-widget-heading .elementor-heading-title.elementor-size-small{font-size:15px}.elementor-widget-heading .elementor-heading-title.elementor-size-medium{font-size:19px}.elementor-widget-heading .elementor-heading-title.elementor-size-large{font-size:29px}.elementor-widget-heading .elementor-heading-title.elementor-size-xl{font-size:39px}.elementor-widget-heading .elementor-heading-title.elementor-size-xxl{font-size:59px}<\/style><h2 class=\"elementor-heading-title elementor-size-default\">Marketing-Praktikum bei Talents2Germany  (Remote)<\/h2>\t\t<\/div>\n\t\t\t\t<\/div>\n\t\t\t\t<div class=\"elementor-element elementor-element-a14849e elementor-widget elementor-widget-text-editor\" data-id=\"a14849e\" data-element_type=\"widget\" data-widget_type=\"text-editor.default\">\n\t\t\t\t<div class=\"elementor-widget-container\">\n\t\t\t<style>\/*! elementor - v3.18.0 - 08-12-2023 *\/\n.elementor-widget-text-editor.elementor-drop-cap-view-stacked .elementor-drop-cap{background-color:#69727d;color:#fff}.elementor-widget-text-editor.elementor-drop-cap-view-framed .elementor-drop-cap{color:#69727d;border:3px solid;background-color:transparent}.elementor-widget-text-editor:not(.elementor-drop-cap-view-default) .elementor-drop-cap{margin-top:8px}.elementor-widget-text-editor:not(.elementor-drop-cap-view-default) .elementor-drop-cap-letter{width:1em;height:1em}.elementor-widget-text-editor .elementor-drop-cap{float:left;text-align:center;line-height:1;font-size:50px}.elementor-widget-text-editor .elementor-drop-cap-letter{display:inline-block}<\/style>\t\t\t\t<p><span style=\"font-weight: 400;\">Du m\u00f6chtest praktische Erfahrungen im Bereich Marketing sammeln? Dann haben wir bei Talents2Germany eine spannende Gelegenheit f\u00fcr dich! Unser Unternehmen ist ein innovatives deutsches StartUp das darauf spezialisiert ist, talentierte Softwareingenieure aus Nicht-EU-L\u00e4ndern mit Arbeitgebern in Deutschland zu verbinden. Wir sind auf der Suche nach engagierten und motivierten Praktikanten f\u00fcr unser Marketing-Team, die dabei helfen, dass unsere wunderbaren, internationalen Ingenieure noch leichter mit deutschen Arbeitgebern in Verbindung kommen!<\/span><\/p><h5><b>\u00dcbersicht:<\/b><\/h5><p><span style=\"font-weight: 400;\">Es gibt viele, sehr unterschiedliche Rollen und Aufgaben, die als Teil unseres Teams m\u00f6glich sind! Wenn Du bei uns anf\u00e4ngst, schauen wir, was Deine St\u00e4rken, die am besten zu deinen F\u00e4higkeiten passt und worauf du am meisten Lust hast. Bewirb dich ganz einfach auf die Stelle, gib Deine Interessen and und vergiss nicht, deinen Lebenslauf hinzuzuf\u00fcgen.<\/span><\/p><p><strong><b>M\u00f6gliche Aufgaben\/Projekte k\u00f6nnen sein<\/b>:<\/strong><\/p><ul><li style=\"font-weight: 400;\" aria-level=\"1\"><span style=\"font-weight: 400;\">Blog-Artikel schreiben<\/span><\/li><li style=\"font-weight: 400;\" aria-level=\"1\"><span style=\"font-weight: 400;\">Social Media Management<\/span><\/li><li style=\"font-weight: 400;\" aria-level=\"1\"><span style=\"font-weight: 400;\">SEO Optimierung<\/span><\/li><li style=\"font-weight: 400;\" aria-level=\"1\"><span style=\"font-weight: 400;\">E-Mail Marketing<\/span><\/li><li style=\"font-weight: 400;\" aria-level=\"1\"><span style=\"font-weight: 400;\">Grafikdesigner\/Videoeditor<\/span><\/li><li style=\"font-weight: 400;\" aria-level=\"1\"><span style=\"font-weight: 400;\">Markt-Recherchen<\/span><\/li><li style=\"font-weight: 400;\" aria-level=\"1\"><span style=\"font-weight: 400;\">Vertrieb\/Kaltakquise<\/span><\/li><li style=\"font-weight: 400;\" aria-level=\"1\">Pitches<\/li><li style=\"font-weight: 400;\" aria-level=\"1\"><span style=\"font-weight: 400;\">Partner-Management<\/span><\/li><li style=\"font-weight: 400;\" aria-level=\"1\"><span style=\"font-weight: 400;\">Paid Advertising<\/span><\/li><li style=\"font-weight: 400;\" aria-level=\"1\"><span style=\"font-weight: 400;\">CRM Aufbau, Automatisierung<\/span><\/li><li style=\"font-weight: 400;\" aria-level=\"1\"><span style=\"font-weight: 400;\">LinkedIn Automatisierung<\/span><\/li><li style=\"font-weight: 400;\" aria-level=\"1\"><span style=\"font-weight: 400;\">Webinare durchf\u00fchren<\/span><\/li><li style=\"font-weight: 400;\" aria-level=\"1\"><span style=\"font-weight: 400;\">Hochwertige Dokumente und Unterlagen erstellen<\/span><\/li><\/ul><h5><b>Was wir bieten<\/b>:<\/h5><ul><li style=\"font-weight: 400;\" aria-level=\"1\"><span style=\"font-weight: 400;\">Auch wenn Du noch nicht perfekt deutsch sprichst, kannst Du \u00fcber einfache Aufgaben (Zum Beispiel Recherchen) beginnen, Deine Deutsch-Kenntnisse in der Praxis anzuwenden!<\/span><\/li><li style=\"font-weight: 400;\" aria-level=\"1\"><span style=\"font-weight: 400;\">Praxisorientierte Erfahrung: Arbeite an echten Projekten und Kampagnen mit, um deine F\u00e4higkeiten im Marketing zu entwickeln und zu vertiefen.<\/span><\/li><li style=\"font-weight: 400;\" aria-level=\"1\"><span style=\"font-weight: 400;\">Von \u00fcberall aus arbeiten: Unsere Praktika sind remote, sodass du von \u00fcberall aus arbeiten kannst. Perfekt, um zum Beispiel Studium und Berufserfahrung zu kombinieren.<\/span><\/li><li style=\"font-weight: 400;\" aria-level=\"1\"><span style=\"font-weight: 400;\">Netzwerkm\u00f6glichkeiten: Lerne von erfahrenen Fachleuten und baue ein wertvolles Netzwerk in der Marketing- und Technologiewelt auf.<\/span><\/li><li style=\"font-weight: 400;\" aria-level=\"1\"><span style=\"font-weight: 400;\">Karriereentwicklung: Erfolgreiche Praktikanten haben die Chance, in Vollzeit-Positionen bei Talents2Germany anzufangen.<\/span><\/li><\/ul><h5>Was wir suchen:<\/h5><ul><li style=\"font-weight: 400;\" aria-level=\"1\"><span style=\"font-weight: 400;\">Du sprichst deutsch oder bist gerade dabei, es zu lernen und m\u00f6chtest Deine Kenntnisse in der Praxis anwenden<\/span><\/li><li style=\"font-weight: 400;\" aria-level=\"1\"><span style=\"font-weight: 400;\">Du hast den Willen, den Talenten aus der ganzen Welt dabei zu helfen, erfolgreich bei Arbeitgebern in Deutschland zu starten!<\/span><\/li><li style=\"font-weight: 400;\" aria-level=\"1\"><span style=\"font-weight: 400;\">Begeisterung f\u00fcr Marketing und die Bereitschaft, Neues zu lernen.<\/span><\/li><li style=\"font-weight: 400;\" aria-level=\"1\"><span style=\"font-weight: 400;\">Selbst\u00e4ndige, verantwortungs-bewusste und proaktive Arbeitsweise.<\/span><\/li><li style=\"font-weight: 400;\" aria-level=\"1\"><span style=\"font-weight: 400;\">Begeisterung und Fachkenntnisse im Marketing\/Sales-Thema Deiner Wahl<\/span>.<\/li><\/ul><p><b>Warum ein Praktikum bei Talents2Germany?<\/b><span style=\"font-weight: 400;\"> Ein Praktikum bei uns bietet dir die M\u00f6glichkeit, wertvolle erste Erfahrungen in einem deutschen Unternehmen zu sammeln. Du wirst direkt an Marketing-Aktivit\u00e4ten beteiligt und bekommst die Chance, deine Ideen in die Tat umzusetzen. Wir glauben an das Potenzial unserer Praktikanten und bieten kontinuierlich Unterst\u00fctzung und Feedback, um deine berufliche Entwicklung zu f\u00f6rdern<\/span>.<\/p><p><b>Wir haben dein Interesse geweckt?<\/b><span style=\"font-weight: 400;\"> Schick uns einfach deine Unterlagen zu und wir werden uns so schnell wie m\u00f6glich darum k\u00fcmmern. Wir freuen uns auf deine Bewerbung<\/span>!<\/p>\t\t\t\t\t\t<\/div>\n\t\t\t\t<\/div>\n\t\t\t\t\t<\/div>\n\t\t\t\t<\/div>\n\t\t<div class=\"elementor-element elementor-element-b4d935d e-con-full e-flex e-con e-parent\" data-id=\"b4d935d\" data-element_type=\"container\" data-settings=\"{&quot;content_width&quot;:&quot;full&quot;}\" data-core-v316-plus=\"true\">\n\t\t\t\t<div class=\"elementor-element elementor-element-fc0a142 elementor-widget elementor-widget-html\" data-id=\"fc0a142\" data-element_type=\"widget\" data-widget_type=\"html.default\">\n\t\t\t\t<div class=\"elementor-widget-container\">\n\t\t\t<iframe class=\"clickup-embed clickup-dynamic-height\" src=\"https:\/\/forms.clickup.com\/2448029\/f\/2apmx-15832\/M192GYW6MVURZOEFQO\" onwheel=\"\" width=\"100%\" height=\"100%\" style=\"background: transparent; border: 1px solid #ccc;\"><\/iframe><script async src=\"https:\/\/app-cdn.clickup.com\/assets\/js\/forms-embed\/v1.js\"><\/script>\t\t<\/div>\n\t\t\t\t<\/div>\n\t\t\t\t<\/div>\n\t\t\t\t\t\t\t<\/div>\n\t\t","protected":false},"excerpt":{"rendered":"<p>Marketing-Praktikum bei Talents2Germany (Remote) Du m\u00f6chtest praktische Erfahrungen im Bereich Marketing sammeln? Dann haben wir bei Talents2Germany eine spannende Gelegenheit f\u00fcr dich! Unser Unternehmen ist ein innovatives deutsches StartUp das darauf spezialisiert ist, talentierte Softwareingenieure aus Nicht-EU-L\u00e4ndern mit Arbeitgebern in Deutschland zu verbinden. Wir sind auf der Suche nach engagierten und motivierten Praktikanten f\u00fcr unser [&hellip;]<\/p>\n","protected":false},"author":264,"featured_media":8994,"parent":0,"menu_order":0,"comment_status":"closed","ping_status":"closed","template":"","meta":{"_acf_changed":false,"_mi_skip_tracking":false,"_monsterinsights_sitenote_active":false,"_monsterinsights_sitenote_note":"","_monsterinsights_sitenote_category":0,"_themeisle_gutenberg_block_has_review":false,"footnotes":""},"blocksy_meta":[],"acf":[],"aioseo_notices":[],"_links":{"self":[{"href":"https:\/\/talents2germany.de\/ag\/wp-json\/wp\/v2\/pages\/8876"}],"collection":[{"href":"https:\/\/talents2germany.de\/ag\/wp-json\/wp\/v2\/pages"}],"about":[{"href":"https:\/\/talents2germany.de\/ag\/wp-json\/wp\/v2\/types\/page"}],"author":[{"embeddable":true,"href":"https:\/\/talents2germany.de\/ag\/wp-json\/wp\/v2\/users\/264"}],"replies":[{"embeddable":true,"href":"https:\/\/talents2germany.de\/ag\/wp-json\/wp\/v2\/comments?post=8876"}],"version-history":[{"count":0,"href":"https:\/\/talents2germany.de\/ag\/wp-json\/wp\/v2\/pages\/8876\/revisions"}],"wp:featuredmedia":[{"embeddable":true,"href":"https:\/\/talents2germany.de\/ag\/wp-json\/wp\/v2\/media\/8994"}],"wp:attachment":[{"href":"https:\/\/talents2germany.de\/ag\/wp-json\/wp\/v2\/media?parent=8876"}],"curies":[{"name":"wp","href":"https:\/\/api.w.org\/{rel}","templated":true}]}}