{"id":8465,"date":"2024-07-15T15:13:19","date_gmt":"2024-07-15T14:13:19","guid":{"rendered":"https:\/\/talents2germany.de\/ag\/?page_id=8465"},"modified":"2024-07-15T15:13:19","modified_gmt":"2024-07-15T14:13:19","slug":"sales-gutes-tun","status":"publish","type":"page","link":"https:\/\/talents2germany.de\/ag\/en\/sales-gutes-tun\/","title":{"rendered":"Sales &#038; Gutes Tun"},"content":{"rendered":"\t\t<div data-elementor-type=\"wp-page\" data-elementor-id=\"8465\" class=\"elementor elementor-8465\" data-elementor-post-type=\"page\">\n\t\t\t\t\t\t\t<div class=\"elementor-element elementor-element-4e984cf e-flex e-con-boxed e-con e-parent\" data-id=\"4e984cf\" data-element_type=\"container\" data-settings=\"{&quot;content_width&quot;:&quot;boxed&quot;}\" data-core-v316-plus=\"true\">\n\t\t\t\t\t<div class=\"e-con-inner\">\n\t\t\t\t<div class=\"elementor-element elementor-element-8d7a41d elementor-widget elementor-widget-heading\" data-id=\"8d7a41d\" data-element_type=\"widget\" data-widget_type=\"heading.default\">\n\t\t\t\t<div class=\"elementor-widget-container\">\n\t\t\t<style>\/*! elementor - v3.18.0 - 08-12-2023 *\/\n.elementor-heading-title{padding:0;margin:0;line-height:1}.elementor-widget-heading .elementor-heading-title[class*=elementor-size-]>a{color:inherit;font-size:inherit;line-height:inherit}.elementor-widget-heading .elementor-heading-title.elementor-size-small{font-size:15px}.elementor-widget-heading .elementor-heading-title.elementor-size-medium{font-size:19px}.elementor-widget-heading .elementor-heading-title.elementor-size-large{font-size:29px}.elementor-widget-heading .elementor-heading-title.elementor-size-xl{font-size:39px}.elementor-widget-heading .elementor-heading-title.elementor-size-xxl{font-size:59px}<\/style><h2 class=\"elementor-heading-title elementor-size-default\">Sales & Gutes Tun [remote]<\/h2>\t\t<\/div>\n\t\t\t\t<\/div>\n\t\t\t\t<div class=\"elementor-element elementor-element-6402c6c elementor-widget elementor-widget-image\" data-id=\"6402c6c\" data-element_type=\"widget\" data-widget_type=\"image.default\">\n\t\t\t\t<div class=\"elementor-widget-container\">\n\t\t\t<style>\/*! elementor - v3.18.0 - 08-12-2023 *\/\n.elementor-widget-image{text-align:center}.elementor-widget-image a{display:inline-block}.elementor-widget-image a img[src$=\".svg\"]{width:48px}.elementor-widget-image img{vertical-align:middle;display:inline-block}<\/style>\t\t\t\t\t\t\t\t\t\t\t\t<img fetchpriority=\"high\" decoding=\"async\" width=\"768\" height=\"768\" src=\"https:\/\/talents2germany.de\/ag\/wp-content\/uploads\/sites\/2\/2024\/07\/Sales-Expert-Job-German-1-768x768.jpg\" class=\"attachment-medium_large size-medium_large wp-image-8475\" alt=\"\" srcset=\"https:\/\/talents2germany.de\/ag\/wp-content\/uploads\/sites\/2\/2024\/07\/Sales-Expert-Job-German-1-768x768.jpg 768w, https:\/\/talents2germany.de\/ag\/wp-content\/uploads\/sites\/2\/2024\/07\/Sales-Expert-Job-German-1-300x300.jpg 300w, https:\/\/talents2germany.de\/ag\/wp-content\/uploads\/sites\/2\/2024\/07\/Sales-Expert-Job-German-1-1024x1024.jpg 1024w, https:\/\/talents2germany.de\/ag\/wp-content\/uploads\/sites\/2\/2024\/07\/Sales-Expert-Job-German-1-150x150.jpg 150w, https:\/\/talents2germany.de\/ag\/wp-content\/uploads\/sites\/2\/2024\/07\/Sales-Expert-Job-German-1.jpg 1080w\" sizes=\"(max-width: 768px) 100vw, 768px\" \/>\t\t\t\t\t\t\t\t\t\t\t\t\t\t\t<\/div>\n\t\t\t\t<\/div>\n\t\t\t\t<div class=\"elementor-element elementor-element-a14849e elementor-widget elementor-widget-text-editor\" data-id=\"a14849e\" data-element_type=\"widget\" data-widget_type=\"text-editor.default\">\n\t\t\t\t<div class=\"elementor-widget-container\">\n\t\t\t<style>\/*! elementor - v3.18.0 - 08-12-2023 *\/\n.elementor-widget-text-editor.elementor-drop-cap-view-stacked .elementor-drop-cap{background-color:#69727d;color:#fff}.elementor-widget-text-editor.elementor-drop-cap-view-framed .elementor-drop-cap{color:#69727d;border:3px solid;background-color:transparent}.elementor-widget-text-editor:not(.elementor-drop-cap-view-default) .elementor-drop-cap{margin-top:8px}.elementor-widget-text-editor:not(.elementor-drop-cap-view-default) .elementor-drop-cap-letter{width:1em;height:1em}.elementor-widget-text-editor .elementor-drop-cap{float:left;text-align:center;line-height:1;font-size:50px}.elementor-widget-text-editor .elementor-drop-cap-letter{display:inline-block}<\/style>\t\t\t\t<h2><span lang=\"DE\" style=\"font-size: 11pt; font-weight: normal; color: #404040;\">Bei Talents2Germany setzen wir uns leidenschaftlich daf\u00fcr ein, Software-Ingenieuren aus Nicht-EU-L\u00e4ndern T\u00fcren in Deutschland zu \u00f6ffnen. Unser Ziel ist klar: Wir verbinden herausragende Talente, vor allem aus Asien, Afrika und S\u00fcdamerika, mit f\u00fchrenden deutschen Arbeitgebern. Deutschland braucht diese Fachkr\u00e4fte \u2013 und wir glauben fest daran, dass Vielfalt und internationaler Geist die Arbeitswelt bereichern.<\/span><\/h2><h5><span style=\"color: #1362a1;\">Deine Rolle:<\/span><\/h5><p>Als vitaler Teil unseres dynamischen, globalen Teams, wirst du direkt dazu beitragen, deutsche Arbeitgeber f\u00fcr unsere weltweiten Talente zu gewinnen. Deine Hauptaufgaben:<\/p><ol><li style=\"list-style-type: none;\"><ul><li>Aktive Kontaktaufnahme mit potenziellen Arbeitgebern per Telefon, um unsere einzigartigen Talente vorzustellen.<\/li><li>Aufbau und Pflege langfristiger Gesch\u00e4ftsbeziehungen durch pers\u00f6nliche und authentische Kommunikation.<\/li><\/ul><\/li><\/ol><h5><span lang=\"DE\" style=\"font-size: 16.0pt;\">Was Du mitbringst:<\/span><\/h5><ol><li style=\"list-style-type: none;\"><ul><li>Starkes Interesse und Begeisterung f\u00fcr Vertriebsaktivit\u00e4ten.<\/li><li>Ein ausgepr\u00e4gtes Geschick in der Kommunikation und \u00dcberzeugungskraft.<\/li><li>Kulturelle Sensibilit\u00e4t und die F\u00e4higkeit, interkulturelle Beziehungen zu f\u00f6rdern.<\/li><li>Hintergrund in Marketing, Vertrieb, Psychologie oder eine vergleichbare Qualifikation. Auch motivierte Quereinsteiger sind willkommen!<\/li><\/ul><\/li><\/ol><h5><span lang=\"DE\" style=\"font-size: 16.0pt;\">Was wir bieten:<\/span><\/h5><ol><li style=\"list-style-type: none;\"><ul><li>Attraktive, erfolgsabh\u00e4ngige Provisionen, die es dir erm\u00f6glichen, durch dein Engagement gutes Geld zu verdienen.<\/li><li>Flexible Arbeitsmodelle: Arbeite von \u00fcberall in Deutschland, 100% remote<\/li><li>Ein dynamisches und kreatives Arbeitsumfeld, in dem deine Ideen und Beitr\u00e4ge wirklich z\u00e4hlen.<\/li><li>Tiefgreifende Einblicke in die HR- und Recruiting-Prozesse deutscher Unternehmen.<\/li><li>Die Chance, nach dem Praktikum eine langfristige Karriere bei uns zu starten.<\/li><\/ul><\/li><\/ol><p>Wenn du es kaum erwarten kannst, Teil unseres Teams zu werden und echte Ver\u00e4nderungen zu bewirken, dann bewirb dich jetzt bei uns. Wir freuen uns darauf, mehr \u00fcber dich zu erfahren und vielleicht schon bald gemeinsam Gro\u00dfes zu erreichen! Talents2Germany \u2013 Br\u00fccken bauen, Zukunft gestalten.<\/p>\t\t\t\t\t\t<\/div>\n\t\t\t\t<\/div>\n\t\t\t\t\t<\/div>\n\t\t\t\t<\/div>\n\t\t<div class=\"elementor-element elementor-element-834f5a0 e-flex e-con-boxed e-con e-parent\" data-id=\"834f5a0\" data-element_type=\"container\" data-settings=\"{&quot;content_width&quot;:&quot;boxed&quot;}\" data-core-v316-plus=\"true\">\n\t\t\t\t\t<div class=\"e-con-inner\">\n\t\t\t\t<div class=\"elementor-element elementor-element-04e1e3b elementor-widget elementor-widget-html\" data-id=\"04e1e3b\" data-element_type=\"widget\" data-widget_type=\"html.default\">\n\t\t\t\t<div class=\"elementor-widget-container\">\n\t\t\t<iframe class=\"clickup-embed clickup-dynamic-height\" src=\"https:\/\/forms.clickup.com\/2448029\/f\/2apmx-15832\/M192GYW6MVURZOEFQO\" onwheel=\"\" width=\"100%\" height=\"100%\" style=\"background: transparent; border: 1px solid #ccc;\"><\/iframe><script async src=\"https:\/\/app-cdn.clickup.com\/assets\/js\/forms-embed\/v1.js\"><\/script>\t\t<\/div>\n\t\t\t\t<\/div>\n\t\t\t\t\t<\/div>\n\t\t\t\t<\/div>\n\t\t\t\t\t\t\t<\/div>\n\t\t","protected":false},"excerpt":{"rendered":"<p>Sales &#038; Gutes Tun [remote] Bei Talents2Germany setzen wir uns leidenschaftlich daf\u00fcr ein, Software-Ingenieuren aus Nicht-EU-L\u00e4ndern T\u00fcren in Deutschland zu \u00f6ffnen. Unser Ziel ist klar: Wir verbinden herausragende Talente, vor allem aus Asien, Afrika und S\u00fcdamerika, mit f\u00fchrenden deutschen Arbeitgebern. Deutschland braucht diese Fachkr\u00e4fte \u2013 und wir glauben fest daran, dass Vielfalt und internationaler Geist [&hellip;]<\/p>\n","protected":false},"author":6,"featured_media":0,"parent":0,"menu_order":0,"comment_status":"closed","ping_status":"closed","template":"","meta":{"_acf_changed":false,"_mi_skip_tracking":false,"_monsterinsights_sitenote_active":false,"_monsterinsights_sitenote_note":"","_monsterinsights_sitenote_category":0,"_themeisle_gutenberg_block_has_review":false,"footnotes":""},"blocksy_meta":[],"acf":[],"aioseo_notices":[],"_links":{"self":[{"href":"https:\/\/talents2germany.de\/ag\/wp-json\/wp\/v2\/pages\/8465"}],"collection":[{"href":"https:\/\/talents2germany.de\/ag\/wp-json\/wp\/v2\/pages"}],"about":[{"href":"https:\/\/talents2germany.de\/ag\/wp-json\/wp\/v2\/types\/page"}],"author":[{"embeddable":true,"href":"https:\/\/talents2germany.de\/ag\/wp-json\/wp\/v2\/users\/6"}],"replies":[{"embeddable":true,"href":"https:\/\/talents2germany.de\/ag\/wp-json\/wp\/v2\/comments?post=8465"}],"version-history":[{"count":0,"href":"https:\/\/talents2germany.de\/ag\/wp-json\/wp\/v2\/pages\/8465\/revisions"}],"wp:attachment":[{"href":"https:\/\/talents2germany.de\/ag\/wp-json\/wp\/v2\/media?parent=8465"}],"curies":[{"name":"wp","href":"https:\/\/api.w.org\/{rel}","templated":true}]}}