{"id":8251,"date":"2024-06-26T20:46:35","date_gmt":"2024-06-26T19:46:35","guid":{"rendered":"https:\/\/talents2germany.de\/ag\/?page_id=8251"},"modified":"2024-06-26T20:46:35","modified_gmt":"2024-06-26T19:46:35","slug":"software-ingenieure-finden","status":"publish","type":"page","link":"https:\/\/talents2germany.de\/ag\/en\/software-ingenieure-finden\/","title":{"rendered":"Page for Employers"},"content":{"rendered":"\t\t<div data-elementor-type=\"wp-page\" data-elementor-id=\"8251\" class=\"elementor elementor-8251\" data-elementor-post-type=\"page\">\n\t\t\t\t\t\t\t<div class=\"elementor-element elementor-element-ff2b9b2 e-con-full e-flex e-con e-parent\" data-id=\"ff2b9b2\" data-element_type=\"container\" data-settings=\"{&quot;content_width&quot;:&quot;full&quot;,&quot;background_background&quot;:&quot;classic&quot;}\" data-core-v316-plus=\"true\">\n\t\t<div class=\"elementor-element elementor-element-33a7749 e-flex e-con-boxed e-con e-child\" data-id=\"33a7749\" data-element_type=\"container\" data-settings=\"{&quot;content_width&quot;:&quot;boxed&quot;}\">\n\t\t\t\t\t<div class=\"e-con-inner\">\n\t\t\t\t<div class=\"elementor-element elementor-element-62296e3 elementor-widget elementor-widget-spacer\" data-id=\"62296e3\" data-element_type=\"widget\" data-widget_type=\"spacer.default\">\n\t\t\t\t<div class=\"elementor-widget-container\">\n\t\t\t<style>\/*! elementor - v3.18.0 - 08-12-2023 *\/\n.elementor-column .elementor-spacer-inner{height:var(--spacer-size)}.e-con{--container-widget-width:100%}.e-con-inner>.elementor-widget-spacer,.e-con>.elementor-widget-spacer{width:var(--container-widget-width,var(--spacer-size));--align-self:var(--container-widget-align-self,initial);--flex-shrink:0}.e-con-inner>.elementor-widget-spacer>.elementor-widget-container,.e-con>.elementor-widget-spacer>.elementor-widget-container{height:100%;width:100%}.e-con-inner>.elementor-widget-spacer>.elementor-widget-container>.elementor-spacer,.e-con>.elementor-widget-spacer>.elementor-widget-container>.elementor-spacer{height:100%}.e-con-inner>.elementor-widget-spacer>.elementor-widget-container>.elementor-spacer>.elementor-spacer-inner,.e-con>.elementor-widget-spacer>.elementor-widget-container>.elementor-spacer>.elementor-spacer-inner{height:var(--container-widget-height,var(--spacer-size))}.e-con-inner>.elementor-widget-spacer.elementor-widget-empty,.e-con>.elementor-widget-spacer.elementor-widget-empty{position:relative;min-height:22px;min-width:22px}.e-con-inner>.elementor-widget-spacer.elementor-widget-empty .elementor-widget-empty-icon,.e-con>.elementor-widget-spacer.elementor-widget-empty .elementor-widget-empty-icon{position:absolute;top:0;bottom:0;left:0;right:0;margin:auto;padding:0;width:22px;height:22px}<\/style>\t\t<div class=\"elementor-spacer\">\n\t\t\t<div class=\"elementor-spacer-inner\"><\/div>\n\t\t<\/div>\n\t\t\t\t<\/div>\n\t\t\t\t<\/div>\n\t\t\t\t<div class=\"elementor-element elementor-element-4e28971 elementor-widget elementor-widget-heading\" data-id=\"4e28971\" data-element_type=\"widget\" data-widget_type=\"heading.default\">\n\t\t\t\t<div class=\"elementor-widget-container\">\n\t\t\t<style>\/*! elementor - v3.18.0 - 08-12-2023 *\/\n.elementor-heading-title{padding:0;margin:0;line-height:1}.elementor-widget-heading .elementor-heading-title[class*=elementor-size-]>a{color:inherit;font-size:inherit;line-height:inherit}.elementor-widget-heading .elementor-heading-title.elementor-size-small{font-size:15px}.elementor-widget-heading .elementor-heading-title.elementor-size-medium{font-size:19px}.elementor-widget-heading .elementor-heading-title.elementor-size-large{font-size:29px}.elementor-widget-heading .elementor-heading-title.elementor-size-xl{font-size:39px}.elementor-widget-heading .elementor-heading-title.elementor-size-xxl{font-size:59px}<\/style><h2 class=\"elementor-heading-title elementor-size-default\">Ingenieure, IT,\nTechnische <br>Fachkr\u00e4fte\nF\u00fcr Deutschland<\/h2>\t\t<\/div>\n\t\t\t\t<\/div>\n\t\t\t\t<div class=\"elementor-element elementor-element-4df49f9 elementor-widget elementor-widget-button\" data-id=\"4df49f9\" data-element_type=\"widget\" data-widget_type=\"button.default\">\n\t\t\t\t<div class=\"elementor-widget-container\">\n\t\t\t\t\t<div class=\"elementor-button-wrapper\">\n\t\t\t<a class=\"elementor-button elementor-button-link elementor-size-sm\" href=\"#\">\n\t\t\t\t\t\t<span class=\"elementor-button-content-wrapper\">\n\t\t\t\t\t\t<span class=\"elementor-button-text\">KONTAKT<\/span>\n\t\t<\/span>\n\t\t\t\t\t<\/a>\n\t\t<\/div>\n\t\t\t\t<\/div>\n\t\t\t\t<\/div>\n\t\t\t\t\t<\/div>\n\t\t\t\t<\/div>\n\t\t<div class=\"elementor-element elementor-element-bfc679f e-flex e-con-boxed e-con e-child\" data-id=\"bfc679f\" data-element_type=\"container\" data-settings=\"{&quot;content_width&quot;:&quot;boxed&quot;}\">\n\t\t\t\t\t<div class=\"e-con-inner\">\n\t\t\t\t\t<\/div>\n\t\t\t\t<\/div>\n\t\t\t\t<\/div>\n\t\t<div class=\"elementor-element elementor-element-8b22e4e e-flex e-con-boxed e-con e-parent\" data-id=\"8b22e4e\" data-element_type=\"container\" data-settings=\"{&quot;content_width&quot;:&quot;boxed&quot;}\" data-core-v316-plus=\"true\">\n\t\t\t\t\t<div class=\"e-con-inner\">\n\t\t\t\t<div class=\"elementor-element elementor-element-45ba807 elementor-widget elementor-widget-spacer\" data-id=\"45ba807\" data-element_type=\"widget\" data-widget_type=\"spacer.default\">\n\t\t\t\t<div class=\"elementor-widget-container\">\n\t\t\t\t\t<div class=\"elementor-spacer\">\n\t\t\t<div class=\"elementor-spacer-inner\"><\/div>\n\t\t<\/div>\n\t\t\t\t<\/div>\n\t\t\t\t<\/div>\n\t\t<div class=\"elementor-element elementor-element-23947af e-flex e-con-boxed e-con e-child\" data-id=\"23947af\" data-element_type=\"container\" data-settings=\"{&quot;content_width&quot;:&quot;boxed&quot;}\">\n\t\t\t\t\t<div class=\"e-con-inner\">\n\t\t\t\t<div class=\"elementor-element elementor-element-7f17b56 elementor-widget elementor-widget-heading\" data-id=\"7f17b56\" data-element_type=\"widget\" data-widget_type=\"heading.default\">\n\t\t\t\t<div class=\"elementor-widget-container\">\n\t\t\t<h2 class=\"elementor-heading-title elementor-size-default\">Was sind die Herausforderungen f\u00fcr Arbeitgeber?<\/h2>\t\t<\/div>\n\t\t\t\t<\/div>\n\t\t\t\t\t<\/div>\n\t\t\t\t<\/div>\n\t\t<div class=\"elementor-element elementor-element-46c4ef6 e-con-full e-flex e-con e-child\" data-id=\"46c4ef6\" data-element_type=\"container\" data-settings=\"{&quot;background_background&quot;:&quot;classic&quot;,&quot;content_width&quot;:&quot;full&quot;}\">\n\t\t\t\t<div class=\"elementor-element elementor-element-af118df elementor-widget elementor-widget-image\" data-id=\"af118df\" data-element_type=\"widget\" data-widget_type=\"image.default\">\n\t\t\t\t<div class=\"elementor-widget-container\">\n\t\t\t<style>\/*! elementor - v3.18.0 - 08-12-2023 *\/\n.elementor-widget-image{text-align:center}.elementor-widget-image a{display:inline-block}.elementor-widget-image a img[src$=\".svg\"]{width:48px}.elementor-widget-image img{vertical-align:middle;display:inline-block}<\/style>\t\t\t\t\t\t\t\t\t\t\t\t<img fetchpriority=\"high\" decoding=\"async\" width=\"7429\" height=\"4183\" src=\"https:\/\/talents2germany.de\/ag\/wp-content\/uploads\/sites\/2\/2024\/06\/Video-Thumbnail@4x.png\" class=\"attachment-full size-full wp-image-8276\" alt=\"\" srcset=\"https:\/\/talents2germany.de\/ag\/wp-content\/uploads\/sites\/2\/2024\/06\/Video-Thumbnail@4x.png 7429w, https:\/\/talents2germany.de\/ag\/wp-content\/uploads\/sites\/2\/2024\/06\/Video-Thumbnail@4x-300x169.png 300w, https:\/\/talents2germany.de\/ag\/wp-content\/uploads\/sites\/2\/2024\/06\/Video-Thumbnail@4x-1024x577.png 1024w, https:\/\/talents2germany.de\/ag\/wp-content\/uploads\/sites\/2\/2024\/06\/Video-Thumbnail@4x-768x432.png 768w, https:\/\/talents2germany.de\/ag\/wp-content\/uploads\/sites\/2\/2024\/06\/Video-Thumbnail@4x-1536x865.png 1536w, https:\/\/talents2germany.de\/ag\/wp-content\/uploads\/sites\/2\/2024\/06\/Video-Thumbnail@4x-2048x1153.png 2048w\" sizes=\"(max-width: 7429px) 100vw, 7429px\" \/>\t\t\t\t\t\t\t\t\t\t\t\t\t\t\t<\/div>\n\t\t\t\t<\/div>\n\t\t\t\t<\/div>\n\t\t\t\t\t<\/div>\n\t\t\t\t<\/div>\n\t\t<div class=\"elementor-element elementor-element-7423406 e-flex e-con-boxed e-con e-parent\" data-id=\"7423406\" data-element_type=\"container\" data-settings=\"{&quot;content_width&quot;:&quot;boxed&quot;}\" data-core-v316-plus=\"true\">\n\t\t\t\t\t<div class=\"e-con-inner\">\n\t\t\t\t<div class=\"elementor-element elementor-element-0d0fc77 elementor-widget elementor-widget-spacer\" data-id=\"0d0fc77\" data-element_type=\"widget\" data-widget_type=\"spacer.default\">\n\t\t\t\t<div class=\"elementor-widget-container\">\n\t\t\t\t\t<div class=\"elementor-spacer\">\n\t\t\t<div class=\"elementor-spacer-inner\"><\/div>\n\t\t<\/div>\n\t\t\t\t<\/div>\n\t\t\t\t<\/div>\n\t\t\t\t<div class=\"elementor-element elementor-element-7d68967 elementor-widget elementor-widget-heading\" data-id=\"7d68967\" data-element_type=\"widget\" data-widget_type=\"heading.default\">\n\t\t\t\t<div class=\"elementor-widget-container\">\n\t\t\t<h2 class=\"elementor-heading-title elementor-size-default\">Unsere L\u00f6sungen<\/h2>\t\t<\/div>\n\t\t\t\t<\/div>\n\t\t\t\t\t<\/div>\n\t\t\t\t<\/div>\n\t\t<div class=\"elementor-element elementor-element-68752e2 e-con-full e-flex e-con e-parent\" data-id=\"68752e2\" data-element_type=\"container\" data-settings=\"{&quot;content_width&quot;:&quot;full&quot;}\" data-core-v316-plus=\"true\">\n\t\t<div class=\"elementor-element elementor-element-0de8adc e-con-full e-flex e-con e-child\" data-id=\"0de8adc\" data-element_type=\"container\" data-settings=\"{&quot;content_width&quot;:&quot;full&quot;,&quot;background_background&quot;:&quot;classic&quot;}\">\n\t\t\t\t<div class=\"elementor-element elementor-element-bd5b812 elementor-widget elementor-widget-spacer\" data-id=\"bd5b812\" data-element_type=\"widget\" data-widget_type=\"spacer.default\">\n\t\t\t\t<div class=\"elementor-widget-container\">\n\t\t\t\t\t<div class=\"elementor-spacer\">\n\t\t\t<div class=\"elementor-spacer-inner\"><\/div>\n\t\t<\/div>\n\t\t\t\t<\/div>\n\t\t\t\t<\/div>\n\t\t\t\t<div class=\"elementor-element elementor-element-2e3e489 elementor-widget elementor-widget-heading\" data-id=\"2e3e489\" data-element_type=\"widget\" data-widget_type=\"heading.default\">\n\t\t\t\t<div class=\"elementor-widget-container\">\n\t\t\t<h2 class=\"elementor-heading-title elementor-size-default\">AKTIVES PLACEMENT<\/h2>\t\t<\/div>\n\t\t\t\t<\/div>\n\t\t\t\t<div class=\"elementor-element elementor-element-8515614 elementor-widget elementor-widget-text-editor\" data-id=\"8515614\" data-element_type=\"widget\" data-widget_type=\"text-editor.default\">\n\t\t\t\t<div class=\"elementor-widget-container\">\n\t\t\t<style>\/*! elementor - v3.18.0 - 08-12-2023 *\/\n.elementor-widget-text-editor.elementor-drop-cap-view-stacked .elementor-drop-cap{background-color:#69727d;color:#fff}.elementor-widget-text-editor.elementor-drop-cap-view-framed .elementor-drop-cap{color:#69727d;border:3px solid;background-color:transparent}.elementor-widget-text-editor:not(.elementor-drop-cap-view-default) .elementor-drop-cap{margin-top:8px}.elementor-widget-text-editor:not(.elementor-drop-cap-view-default) .elementor-drop-cap-letter{width:1em;height:1em}.elementor-widget-text-editor .elementor-drop-cap{float:left;text-align:center;line-height:1;font-size:50px}.elementor-widget-text-editor .elementor-drop-cap-letter{display:inline-block}<\/style>\t\t\t\t<p style=\"text-align: center;\"><span style=\"color: #ffffff;\">KANDIDATEN, DIE AM VOLLSTANDIGEN PROGRAMM TEILNEHMEN<\/span><\/p>\t\t\t\t\t\t<\/div>\n\t\t\t\t<\/div>\n\t\t\t\t<div class=\"elementor-element elementor-element-6e8a678 elementor-align-center elementor-widget elementor-widget-button\" data-id=\"6e8a678\" data-element_type=\"widget\" data-widget_type=\"button.default\">\n\t\t\t\t<div class=\"elementor-widget-container\">\n\t\t\t\t\t<div class=\"elementor-button-wrapper\">\n\t\t\t<a class=\"elementor-button elementor-button-link elementor-size-sm\" href=\"#\">\n\t\t\t\t\t\t<span class=\"elementor-button-content-wrapper\">\n\t\t\t\t\t\t<span class=\"elementor-button-text\">SIEHE DETAILS<\/span>\n\t\t<\/span>\n\t\t\t\t\t<\/a>\n\t\t<\/div>\n\t\t\t\t<\/div>\n\t\t\t\t<\/div>\n\t\t\t\t<div class=\"elementor-element elementor-element-4908754 elementor-widget elementor-widget-image\" data-id=\"4908754\" data-element_type=\"widget\" data-widget_type=\"image.default\">\n\t\t\t\t<div class=\"elementor-widget-container\">\n\t\t\t\t\t\t\t\t\t\t\t\t\t\t\t<img decoding=\"async\" width=\"2892\" height=\"2388\" src=\"https:\/\/talents2germany.de\/ag\/wp-content\/uploads\/sites\/2\/2024\/07\/C1@4x.png\" class=\"attachment-full size-full wp-image-8348\" alt=\"\" srcset=\"https:\/\/talents2germany.de\/ag\/wp-content\/uploads\/sites\/2\/2024\/07\/C1@4x.png 2892w, https:\/\/talents2germany.de\/ag\/wp-content\/uploads\/sites\/2\/2024\/07\/C1@4x-300x248.png 300w, https:\/\/talents2germany.de\/ag\/wp-content\/uploads\/sites\/2\/2024\/07\/C1@4x-1024x846.png 1024w, https:\/\/talents2germany.de\/ag\/wp-content\/uploads\/sites\/2\/2024\/07\/C1@4x-768x634.png 768w, https:\/\/talents2germany.de\/ag\/wp-content\/uploads\/sites\/2\/2024\/07\/C1@4x-1536x1268.png 1536w, https:\/\/talents2germany.de\/ag\/wp-content\/uploads\/sites\/2\/2024\/07\/C1@4x-2048x1691.png 2048w\" sizes=\"(max-width: 2892px) 100vw, 2892px\" \/>\t\t\t\t\t\t\t\t\t\t\t\t\t\t\t<\/div>\n\t\t\t\t<\/div>\n\t\t\t\t<\/div>\n\t\t<div class=\"elementor-element elementor-element-81d6554 e-con-full e-flex e-con e-child\" data-id=\"81d6554\" data-element_type=\"container\" data-settings=\"{&quot;content_width&quot;:&quot;full&quot;,&quot;background_background&quot;:&quot;classic&quot;}\">\n\t\t\t\t<div class=\"elementor-element elementor-element-e70635d elementor-widget elementor-widget-spacer\" data-id=\"e70635d\" data-element_type=\"widget\" data-widget_type=\"spacer.default\">\n\t\t\t\t<div class=\"elementor-widget-container\">\n\t\t\t\t\t<div class=\"elementor-spacer\">\n\t\t\t<div class=\"elementor-spacer-inner\"><\/div>\n\t\t<\/div>\n\t\t\t\t<\/div>\n\t\t\t\t<\/div>\n\t\t\t\t<div class=\"elementor-element elementor-element-66650d5 elementor-widget elementor-widget-heading\" data-id=\"66650d5\" data-element_type=\"widget\" data-widget_type=\"heading.default\">\n\t\t\t\t<div class=\"elementor-widget-container\">\n\t\t\t<h2 class=\"elementor-heading-title elementor-size-default\">PATENSCHAFT<\/h2>\t\t<\/div>\n\t\t\t\t<\/div>\n\t\t\t\t<div class=\"elementor-element elementor-element-45cfe34 elementor-widget elementor-widget-text-editor\" data-id=\"45cfe34\" data-element_type=\"widget\" data-widget_type=\"text-editor.default\">\n\t\t\t\t<div class=\"elementor-widget-container\">\n\t\t\t\t\t\t\t<p style=\"text-align: center;\">Talent und Chancen <br \/>verbinden.<\/p>\t\t\t\t\t\t<\/div>\n\t\t\t\t<\/div>\n\t\t\t\t<div class=\"elementor-element elementor-element-8e00355 elementor-align-center elementor-widget elementor-widget-button\" data-id=\"8e00355\" data-element_type=\"widget\" data-widget_type=\"button.default\">\n\t\t\t\t<div class=\"elementor-widget-container\">\n\t\t\t\t\t<div class=\"elementor-button-wrapper\">\n\t\t\t<a class=\"elementor-button elementor-button-link elementor-size-sm\" href=\"#\">\n\t\t\t\t\t\t<span class=\"elementor-button-content-wrapper\">\n\t\t\t\t\t\t<span class=\"elementor-button-text\">SIEHE DETAILS<\/span>\n\t\t<\/span>\n\t\t\t\t\t<\/a>\n\t\t<\/div>\n\t\t\t\t<\/div>\n\t\t\t\t<\/div>\n\t\t\t\t<div class=\"elementor-element elementor-element-04c2419 elementor-widget elementor-widget-image\" data-id=\"04c2419\" data-element_type=\"widget\" data-widget_type=\"image.default\">\n\t\t\t\t<div class=\"elementor-widget-container\">\n\t\t\t\t\t\t\t\t\t\t\t\t\t\t\t<img decoding=\"async\" width=\"3439\" height=\"2867\" src=\"https:\/\/talents2germany.de\/ag\/wp-content\/uploads\/sites\/2\/2024\/07\/C2@4x.png\" class=\"attachment-full size-full wp-image-8349\" alt=\"\" srcset=\"https:\/\/talents2germany.de\/ag\/wp-content\/uploads\/sites\/2\/2024\/07\/C2@4x.png 3439w, https:\/\/talents2germany.de\/ag\/wp-content\/uploads\/sites\/2\/2024\/07\/C2@4x-300x250.png 300w, https:\/\/talents2germany.de\/ag\/wp-content\/uploads\/sites\/2\/2024\/07\/C2@4x-1024x854.png 1024w, https:\/\/talents2germany.de\/ag\/wp-content\/uploads\/sites\/2\/2024\/07\/C2@4x-768x640.png 768w, https:\/\/talents2germany.de\/ag\/wp-content\/uploads\/sites\/2\/2024\/07\/C2@4x-1536x1281.png 1536w, https:\/\/talents2germany.de\/ag\/wp-content\/uploads\/sites\/2\/2024\/07\/C2@4x-2048x1707.png 2048w\" sizes=\"(max-width: 3439px) 100vw, 3439px\" \/>\t\t\t\t\t\t\t\t\t\t\t\t\t\t\t<\/div>\n\t\t\t\t<\/div>\n\t\t\t\t<\/div>\n\t\t<div class=\"elementor-element elementor-element-8ccaa80 e-con-full e-flex e-con e-child\" data-id=\"8ccaa80\" data-element_type=\"container\" data-settings=\"{&quot;content_width&quot;:&quot;full&quot;,&quot;background_background&quot;:&quot;classic&quot;}\">\n\t\t\t\t<div class=\"elementor-element elementor-element-5ba9261 elementor-widget elementor-widget-spacer\" data-id=\"5ba9261\" data-element_type=\"widget\" data-widget_type=\"spacer.default\">\n\t\t\t\t<div class=\"elementor-widget-container\">\n\t\t\t\t\t<div class=\"elementor-spacer\">\n\t\t\t<div class=\"elementor-spacer-inner\"><\/div>\n\t\t<\/div>\n\t\t\t\t<\/div>\n\t\t\t\t<\/div>\n\t\t\t\t<div class=\"elementor-element elementor-element-89e6be0 elementor-widget elementor-widget-heading\" data-id=\"89e6be0\" data-element_type=\"widget\" data-widget_type=\"heading.default\">\n\t\t\t\t<div class=\"elementor-widget-container\">\n\t\t\t<h2 class=\"elementor-heading-title elementor-size-default\">HEADHUNTING<\/h2>\t\t<\/div>\n\t\t\t\t<\/div>\n\t\t\t\t<div class=\"elementor-element elementor-element-c0f0a78 elementor-widget elementor-widget-text-editor\" data-id=\"c0f0a78\" data-element_type=\"widget\" data-widget_type=\"text-editor.default\">\n\t\t\t\t<div class=\"elementor-widget-container\">\n\t\t\t\t\t\t\t<p style=\"text-align: center;\"><span style=\"color: #ffffff;\">WIR FINDEN JEDEN <\/span><br \/><span style=\"color: #ffffff;\">F\u00dcR SIE!<\/span><\/p>\t\t\t\t\t\t<\/div>\n\t\t\t\t<\/div>\n\t\t\t\t<div class=\"elementor-element elementor-element-83aac59 elementor-align-center elementor-widget elementor-widget-button\" data-id=\"83aac59\" data-element_type=\"widget\" data-widget_type=\"button.default\">\n\t\t\t\t<div class=\"elementor-widget-container\">\n\t\t\t\t\t<div class=\"elementor-button-wrapper\">\n\t\t\t<a class=\"elementor-button elementor-button-link elementor-size-sm\" href=\"#\">\n\t\t\t\t\t\t<span class=\"elementor-button-content-wrapper\">\n\t\t\t\t\t\t<span class=\"elementor-button-text\">SIEHE DETAILS<\/span>\n\t\t<\/span>\n\t\t\t\t\t<\/a>\n\t\t<\/div>\n\t\t\t\t<\/div>\n\t\t\t\t<\/div>\n\t\t\t\t<div class=\"elementor-element elementor-element-79e9347 elementor-widget elementor-widget-image\" data-id=\"79e9347\" data-element_type=\"widget\" data-widget_type=\"image.default\">\n\t\t\t\t<div class=\"elementor-widget-container\">\n\t\t\t\t\t\t\t\t\t\t\t\t\t\t\t<img loading=\"lazy\" decoding=\"async\" width=\"3439\" height=\"2867\" src=\"https:\/\/talents2germany.de\/ag\/wp-content\/uploads\/sites\/2\/2024\/07\/C33-01-01.png\" class=\"attachment-full size-full wp-image-8435\" alt=\"\" srcset=\"https:\/\/talents2germany.de\/ag\/wp-content\/uploads\/sites\/2\/2024\/07\/C33-01-01.png 3439w, https:\/\/talents2germany.de\/ag\/wp-content\/uploads\/sites\/2\/2024\/07\/C33-01-01-300x250.png 300w, https:\/\/talents2germany.de\/ag\/wp-content\/uploads\/sites\/2\/2024\/07\/C33-01-01-1024x854.png 1024w, https:\/\/talents2germany.de\/ag\/wp-content\/uploads\/sites\/2\/2024\/07\/C33-01-01-768x640.png 768w, https:\/\/talents2germany.de\/ag\/wp-content\/uploads\/sites\/2\/2024\/07\/C33-01-01-1536x1281.png 1536w, https:\/\/talents2germany.de\/ag\/wp-content\/uploads\/sites\/2\/2024\/07\/C33-01-01-2048x1707.png 2048w\" sizes=\"(max-width: 3439px) 100vw, 3439px\" \/>\t\t\t\t\t\t\t\t\t\t\t\t\t\t\t<\/div>\n\t\t\t\t<\/div>\n\t\t\t\t<\/div>\n\t\t\t\t<\/div>\n\t\t\t\t\t\t\t<\/div>\n\t\t","protected":false},"excerpt":{"rendered":"<p>Ingenieure, IT, Technische Fachkr\u00e4fte F\u00fcr Deutschland KONTAKT Was sind die Herausforderungen f\u00fcr Arbeitgeber? Unsere L\u00f6sungen AKTIVES PLACEMENT KANDIDATEN, DIE AM VOLLSTANDIGEN PROGRAMM TEILNEHMEN SIEHE DETAILS PATENSCHAFT Talent und Chancen verbinden. SIEHE DETAILS HEADHUNTING WIR FINDEN JEDEN F\u00dcR SIE! SIEHE DETAILS<\/p>\n","protected":false},"author":6,"featured_media":0,"parent":0,"menu_order":0,"comment_status":"closed","ping_status":"closed","template":"","meta":{"_acf_changed":false,"_mi_skip_tracking":false,"_monsterinsights_sitenote_active":false,"_monsterinsights_sitenote_note":"","_monsterinsights_sitenote_category":0,"_themeisle_gutenberg_block_has_review":false,"footnotes":""},"blocksy_meta":[],"acf":[],"aioseo_notices":[],"_links":{"self":[{"href":"https:\/\/talents2germany.de\/ag\/wp-json\/wp\/v2\/pages\/8251"}],"collection":[{"href":"https:\/\/talents2germany.de\/ag\/wp-json\/wp\/v2\/pages"}],"about":[{"href":"https:\/\/talents2germany.de\/ag\/wp-json\/wp\/v2\/types\/page"}],"author":[{"embeddable":true,"href":"https:\/\/talents2germany.de\/ag\/wp-json\/wp\/v2\/users\/6"}],"replies":[{"embeddable":true,"href":"https:\/\/talents2germany.de\/ag\/wp-json\/wp\/v2\/comments?post=8251"}],"version-history":[{"count":0,"href":"https:\/\/talents2germany.de\/ag\/wp-json\/wp\/v2\/pages\/8251\/revisions"}],"wp:attachment":[{"href":"https:\/\/talents2germany.de\/ag\/wp-json\/wp\/v2\/media?parent=8251"}],"curies":[{"name":"wp","href":"https:\/\/api.w.org\/{rel}","templated":true}]}}