{"id":8192,"date":"2024-06-12T10:48:38","date_gmt":"2024-06-12T09:48:38","guid":{"rendered":"https:\/\/talents2germany.de\/ag\/?page_id=8192"},"modified":"2024-06-12T10:48:38","modified_gmt":"2024-06-12T09:48:38","slug":"paul-edwards-profile","status":"publish","type":"page","link":"https:\/\/talents2germany.de\/ag\/en\/paul-edwards-profile\/","title":{"rendered":"Candidate Profile Page &#8211; Paul Edward"},"content":{"rendered":"\t\t<div data-elementor-type=\"wp-page\" data-elementor-id=\"8192\" class=\"elementor elementor-8192\" data-elementor-post-type=\"page\">\n\t\t\t\t\t\t\t<div class=\"elementor-element elementor-element-6ccaab1 e-flex e-con-boxed e-con e-parent\" data-id=\"6ccaab1\" data-element_type=\"container\" data-settings=\"{&quot;background_background&quot;:&quot;classic&quot;,&quot;content_width&quot;:&quot;boxed&quot;}\" data-core-v316-plus=\"true\">\n\t\t\t\t\t<div class=\"e-con-inner\">\n\t\t<div class=\"elementor-element elementor-element-42b8c22 e-con-full e-flex e-con e-child\" data-id=\"42b8c22\" data-element_type=\"container\" data-settings=\"{&quot;content_width&quot;:&quot;full&quot;}\">\n\t\t\t\t<div class=\"elementor-element elementor-element-018c51a elementor-widget__width-initial elementor-widget elementor-widget-image\" data-id=\"018c51a\" data-element_type=\"widget\" data-widget_type=\"image.default\">\n\t\t\t\t<div class=\"elementor-widget-container\">\n\t\t\t<style>\/*! elementor - v3.18.0 - 08-12-2023 *\/\n.elementor-widget-image{text-align:center}.elementor-widget-image a{display:inline-block}.elementor-widget-image a img[src$=\".svg\"]{width:48px}.elementor-widget-image img{vertical-align:middle;display:inline-block}<\/style>\t\t\t\t\t\t\t\t\t\t\t\t<img fetchpriority=\"high\" decoding=\"async\" width=\"1024\" height=\"1024\" src=\"https:\/\/talents2germany.de\/ag\/wp-content\/uploads\/sites\/2\/2024\/06\/Paul-Pic-1024x1024.png\" class=\"attachment-large size-large wp-image-8197\" alt=\"\" srcset=\"https:\/\/talents2germany.de\/ag\/wp-content\/uploads\/sites\/2\/2024\/06\/Paul-Pic-1024x1024.png 1024w, https:\/\/talents2germany.de\/ag\/wp-content\/uploads\/sites\/2\/2024\/06\/Paul-Pic-300x300.png 300w, https:\/\/talents2germany.de\/ag\/wp-content\/uploads\/sites\/2\/2024\/06\/Paul-Pic-150x150.png 150w, https:\/\/talents2germany.de\/ag\/wp-content\/uploads\/sites\/2\/2024\/06\/Paul-Pic-768x768.png 768w, https:\/\/talents2germany.de\/ag\/wp-content\/uploads\/sites\/2\/2024\/06\/Paul-Pic.png 1362w\" sizes=\"(max-width: 1024px) 100vw, 1024px\" \/>\t\t\t\t\t\t\t\t\t\t\t\t\t\t\t<\/div>\n\t\t\t\t<\/div>\n\t\t\t\t<\/div>\n\t\t<div class=\"elementor-element elementor-element-b5112b3 e-con-full e-flex e-con e-child\" data-id=\"b5112b3\" data-element_type=\"container\" data-settings=\"{&quot;content_width&quot;:&quot;full&quot;}\">\n\t\t<div class=\"elementor-element elementor-element-d55c7a4 e-flex e-con-boxed e-con e-child\" data-id=\"d55c7a4\" data-element_type=\"container\" data-settings=\"{&quot;content_width&quot;:&quot;boxed&quot;}\">\n\t\t\t\t\t<div class=\"e-con-inner\">\n\t\t\t\t<div class=\"elementor-element elementor-element-dfd2426 elementor-widget elementor-widget-text-editor\" data-id=\"dfd2426\" data-element_type=\"widget\" data-widget_type=\"text-editor.default\">\n\t\t\t\t<div class=\"elementor-widget-container\">\n\t\t\t<style>\/*! elementor - v3.18.0 - 08-12-2023 *\/\n.elementor-widget-text-editor.elementor-drop-cap-view-stacked .elementor-drop-cap{background-color:#69727d;color:#fff}.elementor-widget-text-editor.elementor-drop-cap-view-framed .elementor-drop-cap{color:#69727d;border:3px solid;background-color:transparent}.elementor-widget-text-editor:not(.elementor-drop-cap-view-default) .elementor-drop-cap{margin-top:8px}.elementor-widget-text-editor:not(.elementor-drop-cap-view-default) .elementor-drop-cap-letter{width:1em;height:1em}.elementor-widget-text-editor .elementor-drop-cap{float:left;text-align:center;line-height:1;font-size:50px}.elementor-widget-text-editor .elementor-drop-cap-letter{display:inline-block}<\/style>\t\t\t\t<h2><span style=\"color: #ffffff;\"><strong>Paul Edwards &#8211; Technical Lead \/ Backend developer PHP<\/strong><\/span><\/h2>\t\t\t\t\t\t<\/div>\n\t\t\t\t<\/div>\n\t\t\t\t\t<\/div>\n\t\t\t\t<\/div>\n\t\t<div class=\"elementor-element elementor-element-ac1e0b9 e-flex e-con-boxed e-con e-child\" data-id=\"ac1e0b9\" data-element_type=\"container\" data-settings=\"{&quot;content_width&quot;:&quot;boxed&quot;}\">\n\t\t\t\t\t<div class=\"e-con-inner\">\n\t\t\t\t<div class=\"elementor-element elementor-element-e73197d elementor-widget elementor-widget-image\" data-id=\"e73197d\" data-element_type=\"widget\" data-widget_type=\"image.default\">\n\t\t\t\t<div class=\"elementor-widget-container\">\n\t\t\t\t\t\t\t\t\t\t\t\t\t\t\t<img decoding=\"async\" width=\"1024\" height=\"56\" src=\"https:\/\/talents2germany.de\/ag\/wp-content\/uploads\/sites\/2\/2024\/06\/Paul-Info-1-1024x56.png\" class=\"attachment-large size-large wp-image-8241\" alt=\"\" srcset=\"https:\/\/talents2germany.de\/ag\/wp-content\/uploads\/sites\/2\/2024\/06\/Paul-Info-1-1024x56.png 1024w, https:\/\/talents2germany.de\/ag\/wp-content\/uploads\/sites\/2\/2024\/06\/Paul-Info-1-300x16.png 300w, https:\/\/talents2germany.de\/ag\/wp-content\/uploads\/sites\/2\/2024\/06\/Paul-Info-1-768x42.png 768w, https:\/\/talents2germany.de\/ag\/wp-content\/uploads\/sites\/2\/2024\/06\/Paul-Info-1-1536x84.png 1536w, https:\/\/talents2germany.de\/ag\/wp-content\/uploads\/sites\/2\/2024\/06\/Paul-Info-1-2048x111.png 2048w\" sizes=\"(max-width: 1024px) 100vw, 1024px\" \/>\t\t\t\t\t\t\t\t\t\t\t\t\t\t\t<\/div>\n\t\t\t\t<\/div>\n\t\t\t\t\t<\/div>\n\t\t\t\t<\/div>\n\t\t\t\t<\/div>\n\t\t\t\t\t<\/div>\n\t\t\t\t<\/div>\n\t\t<div class=\"elementor-element elementor-element-0f4ba9f e-flex e-con-boxed e-con e-parent\" data-id=\"0f4ba9f\" data-element_type=\"container\" data-settings=\"{&quot;content_width&quot;:&quot;boxed&quot;}\" data-core-v316-plus=\"true\">\n\t\t\t\t\t<div class=\"e-con-inner\">\n\t\t\t\t<div class=\"elementor-element elementor-element-22fb529 elementor-widget__width-initial elementor-widget elementor-widget-text-editor\" data-id=\"22fb529\" data-element_type=\"widget\" data-widget_type=\"text-editor.default\">\n\t\t\t\t<div class=\"elementor-widget-container\">\n\t\t\t\t\t\t\t<h5><strong>Skill:<\/strong><\/h5><p>PHP, Symfony, Laravel, Codeigniter React Native, React and Redux JavaScript, \/ Jquery, Vue and VUEX AWS, Redis, Memcache MySQL, PostgresSQL, SQLite Firebase Laravel Vapor, Octane CMS platforms and WordPress API and microservices development Testing, PHPUnit, Dusk, Travis, CodePipeline Git, Docker, Ansible, Terraform, Jekyll, Liquid Continuous Integrations and Deployment Vulnerability Check and Pentestings<\/p><h5><strong>Short Resume:<\/strong><\/h5><ul><li>International working experience with US and Germany employers for 4 years.<\/li><li>Technical lead experience for 2 years.<\/li><li>Backend Engineer experience with Restful API development.<\/li><\/ul><h5><strong>Motivation:<\/strong><\/h5><p>My passion in Tech led me to research and identify countries that have opportunities in the expansive development of Tech Professionals. I have a lot of friends in Germany and want to spend my live among them.<\/p>\t\t\t\t\t\t<\/div>\n\t\t\t\t<\/div>\n\t\t\t\t<div class=\"elementor-element elementor-element-248f609 elementor-align-center elementor-widget elementor-widget-button\" data-id=\"248f609\" data-element_type=\"widget\" data-widget_type=\"button.default\">\n\t\t\t\t<div class=\"elementor-widget-container\">\n\t\t\t\t\t<div class=\"elementor-button-wrapper\">\n\t\t\t<a class=\"elementor-button elementor-button-link elementor-size-sm\" href=\"http:\/\/talents2germany.de\/ag\/wp-content\/uploads\/2024\/06\/CV-PaulEdward.pdf\" target=\"_blank\">\n\t\t\t\t\t\t<span class=\"elementor-button-content-wrapper\">\n\t\t\t\t\t\t<span class=\"elementor-button-text\">View CV - English<\/span>\n\t\t<\/span>\n\t\t\t\t\t<\/a>\n\t\t<\/div>\n\t\t\t\t<\/div>\n\t\t\t\t<\/div>\n\t\t\t\t\t<\/div>\n\t\t\t\t<\/div>\n\t\t<div class=\"elementor-element elementor-element-41cab73 e-con-full e-flex e-con e-parent\" data-id=\"41cab73\" data-element_type=\"container\" data-settings=\"{&quot;content_width&quot;:&quot;full&quot;}\" data-core-v316-plus=\"true\">\n\t\t\t\t<div class=\"elementor-element elementor-element-585b46d elementor-widget elementor-widget-text-editor\" data-id=\"585b46d\" data-element_type=\"widget\" data-widget_type=\"text-editor.default\">\n\t\t\t\t<div class=\"elementor-widget-container\">\n\t\t\t\t\t\t\t<h3 style=\"text-align: center;\"><span style=\"color: #404040;\"><strong>Paul Edwards &#8211; <\/strong>German Profile<\/span><\/h3>\t\t\t\t\t\t<\/div>\n\t\t\t\t<\/div>\n\t\t\t\t<\/div>\n\t\t<div class=\"elementor-element elementor-element-6fa2b4e e-flex e-con-boxed e-con e-parent\" data-id=\"6fa2b4e\" data-element_type=\"container\" data-settings=\"{&quot;content_width&quot;:&quot;boxed&quot;}\" data-core-v316-plus=\"true\">\n\t\t\t\t\t<div class=\"e-con-inner\">\n\t\t\t\t<div class=\"elementor-element elementor-element-85c3732 elementor-widget__width-initial elementor-widget elementor-widget-text-editor\" data-id=\"85c3732\" data-element_type=\"widget\" data-widget_type=\"text-editor.default\">\n\t\t\t\t<div class=\"elementor-widget-container\">\n\t\t\t\t\t\t\t<h5><strong>Fertigkeiten:<\/strong><\/h5><p>PHP, Symfony, Laravel, Codeigniter React Native, React and Redux JavaScript, \/ Jquery, Vue and VUEX AWS, Redis, Memcache MySQL, PostgresSQL, SQLite Firebase Laravel Vapor, Octane CMS platforms and WordPress<br \/>API and microservices development Testing, PHPUnit, Dusk, Travis, CodePipeline Git, Docker, Ansible, Terraform, Jekyll, Liquid Continuous Integrations and Deployment<br \/>Vulnerability Check and Pentestings<\/p><h5><strong>Kurzer Lebenslauf:<\/strong><\/h5><ul><li>4 Jahre internationale Arbeitserfahrung bei amerikanischen und deutschen Arbeitgebern.<\/li><li>Technische F\u00fchrungserfahrung seit 2 Jahren.<\/li><li>Backend Engineer Erfahrung mit Restful API Entwicklung.<\/li><\/ul><h5><strong>Die Motivation:<\/strong><\/h5><p>Meine Leidenschaft f\u00fcr Technik hat mich dazu gebracht, L\u00e4nder zu recherchieren und zu identifizieren, die M\u00f6glichkeiten f\u00fcr eine expansive Entwicklung von technischen Fachkr\u00e4ften bieten. Ich habe viele Freunde in Deutschland und m\u00f6chte mein Leben unter ihnen verbringen.<\/p>\t\t\t\t\t\t<\/div>\n\t\t\t\t<\/div>\n\t\t\t\t<div class=\"elementor-element elementor-element-cb0c328 elementor-align-center elementor-widget elementor-widget-button\" data-id=\"cb0c328\" data-element_type=\"widget\" data-widget_type=\"button.default\">\n\t\t\t\t<div class=\"elementor-widget-container\">\n\t\t\t\t\t<div class=\"elementor-button-wrapper\">\n\t\t\t<a class=\"elementor-button elementor-button-link elementor-size-sm\" href=\"http:\/\/talents2germany.de\/ag\/wp-content\/uploads\/2024\/06\/CV-PaulEdward.pdf\" target=\"_blank\">\n\t\t\t\t\t\t<span class=\"elementor-button-content-wrapper\">\n\t\t\t\t\t\t<span class=\"elementor-button-text\">View CV - English<\/span>\n\t\t<\/span>\n\t\t\t\t\t<\/a>\n\t\t<\/div>\n\t\t\t\t<\/div>\n\t\t\t\t<\/div>\n\t\t\t\t\t<\/div>\n\t\t\t\t<\/div>\n\t\t\t\t\t\t\t<\/div>\n\t\t","protected":false},"excerpt":{"rendered":"<p>Paul Edwards &#8211; Technical Lead \/ Backend developer PHP Skill: PHP, Symfony, Laravel, Codeigniter React Native, React and Redux JavaScript, \/ Jquery, Vue and VUEX AWS, Redis, Memcache MySQL, PostgresSQL, SQLite Firebase Laravel Vapor, Octane CMS platforms and WordPress API and microservices development Testing, PHPUnit, Dusk, Travis, CodePipeline Git, Docker, Ansible, Terraform, Jekyll, Liquid Continuous [&hellip;]<\/p>\n","protected":false},"author":6,"featured_media":0,"parent":0,"menu_order":0,"comment_status":"closed","ping_status":"closed","template":"","meta":{"_acf_changed":false,"_mi_skip_tracking":false,"_monsterinsights_sitenote_active":false,"_monsterinsights_sitenote_note":"","_monsterinsights_sitenote_category":0,"_themeisle_gutenberg_block_has_review":false,"footnotes":""},"blocksy_meta":[],"acf":[],"aioseo_notices":[],"_links":{"self":[{"href":"https:\/\/talents2germany.de\/ag\/wp-json\/wp\/v2\/pages\/8192"}],"collection":[{"href":"https:\/\/talents2germany.de\/ag\/wp-json\/wp\/v2\/pages"}],"about":[{"href":"https:\/\/talents2germany.de\/ag\/wp-json\/wp\/v2\/types\/page"}],"author":[{"embeddable":true,"href":"https:\/\/talents2germany.de\/ag\/wp-json\/wp\/v2\/users\/6"}],"replies":[{"embeddable":true,"href":"https:\/\/talents2germany.de\/ag\/wp-json\/wp\/v2\/comments?post=8192"}],"version-history":[{"count":0,"href":"https:\/\/talents2germany.de\/ag\/wp-json\/wp\/v2\/pages\/8192\/revisions"}],"wp:attachment":[{"href":"https:\/\/talents2germany.de\/ag\/wp-json\/wp\/v2\/media?parent=8192"}],"curies":[{"name":"wp","href":"https:\/\/api.w.org\/{rel}","templated":true}]}}