{"id":7760,"date":"2024-04-18T07:07:47","date_gmt":"2024-04-18T06:07:47","guid":{"rendered":"https:\/\/talents2germany.de\/ag\/?page_id=7760"},"modified":"2024-04-18T07:07:47","modified_gmt":"2024-04-18T06:07:47","slug":"khadijeh-webinar","status":"publish","type":"page","link":"https:\/\/talents2germany.de\/ag\/en\/khadijeh-webinar\/","title":{"rendered":"Khadijeh-Webinar"},"content":{"rendered":"<style>\/*! elementor - v3.18.0 - 08-12-2023 *\/\n.elementor-heading-title{padding:0;margin:0;line-height:1}.elementor-widget-heading .elementor-heading-title[class*=elementor-size-]>a{color:inherit;font-size:inherit;line-height:inherit}.elementor-widget-heading .elementor-heading-title.elementor-size-small{font-size:15px}.elementor-widget-heading .elementor-heading-title.elementor-size-medium{font-size:19px}.elementor-widget-heading .elementor-heading-title.elementor-size-large{font-size:29px}.elementor-widget-heading .elementor-heading-title.elementor-size-xl{font-size:39px}.elementor-widget-heading .elementor-heading-title.elementor-size-xxl{font-size:59px}<\/style>\n<h2>AI im Projektmanagement<\/h2>\n<p>F\u00fcr Arbeitgeber, die Projektmanager einstellen: priorisieren wir technische Expertise oder Kommunikationsst\u00e4rke bei der Auswahl?<\/p>\n<p>\t\t\t<a href=\"#form\"><br \/>\n\t\t\t\t\t\tWebinar Anmeldung<br \/>\n\t\t\t\t\t<\/a><\/p>\n<style>\/*! elementor - v3.18.0 - 08-12-2023 *\/\n.elementor-widget-image{text-align:center}.elementor-widget-image a{display:inline-block}.elementor-widget-image a img[src$=\".svg\"]{width:48px}.elementor-widget-image img{vertical-align:middle;display:inline-block}<\/style>\n<p>\t\t\t\t\t\t\t\t\t\t\t\t<img fetchpriority=\"high\" decoding=\"async\" width=\"988\" height=\"1024\" src=\"http:\/\/talents2germany.de\/ag\/wp-content\/uploads\/2024\/04\/IMG_7673-copy-3-988x1024.png\" alt=\"\" srcset=\"https:\/\/talents2germany.de\/ag\/wp-content\/uploads\/2024\/04\/IMG_7673-copy-3-988x1024.png 988w, https:\/\/talents2germany.de\/ag\/wp-content\/uploads\/2024\/04\/IMG_7673-copy-3-290x300.png 290w, https:\/\/talents2germany.de\/ag\/wp-content\/uploads\/2024\/04\/IMG_7673-copy-3-768x796.png 768w, https:\/\/talents2germany.de\/ag\/wp-content\/uploads\/2024\/04\/IMG_7673-copy-3-1483x1536.png 1483w, https:\/\/talents2germany.de\/ag\/wp-content\/uploads\/2024\/04\/IMG_7673-copy-3-1977x2048.png 1977w\" sizes=\"(max-width: 988px) 100vw, 988px\" \/><\/p>\n<h2>Join Webinar<\/h2>\n<h2>Donnerstag, 06. June 11:00 Uhr MEZ<\/h2>\n<ul id=\"eael-countdown-13d516e\" data-date=\"Jun 06 2024 11:00:00 +1\">\n<li>00Tage<\/li>\n<li>00Stunden<\/li>\n<li>00Minuten<\/li>\n<li>00Sekunden<\/li>\n<\/ul>\n<p style=\"text-align: center;\">Entdecken Sie im Webinar, wie tiefgreifendes Projektmanagement-Wissen den Unterschied in Ihrer Projektperformance ausmachen kann. Wir hinterfragen g\u00e4ngige Annahmen \u00fcber die Balance zwischen technischen und Managment-F\u00e4higkeiten. St\u00e4rken Sie Ihre F\u00fchrungsriege durch gezielte Einblicke und strategische Personalentscheidungen.<\/p>\n<p>\t\t<!-----------------------------\n\t\t\t* controls_data : find the the props passed indie of data attribute\n\t\t\t* props.SubmitResponseMarkup : contains the markup of error or success message\n\t\t\t* https:\/\/developer.mozilla.org\/en-US\/docs\/Web\/JavaScript\/Reference\/Template_literals\n\t\t--------------------------- --><br \/>\n\t\t\t\t\t\t\t\t\t\t\t\t\t\t\t<img decoding=\"async\" width=\"300\" height=\"300\" src=\"http:\/\/talents2germany.de\/ag\/wp-content\/uploads\/2024\/03\/Eleonore-Pic-300x300.png\" alt=\"\" srcset=\"https:\/\/talents2germany.de\/ag\/wp-content\/uploads\/2024\/03\/Eleonore-Pic-300x300.png 300w, https:\/\/talents2germany.de\/ag\/wp-content\/uploads\/2024\/03\/Eleonore-Pic-1024x1024.png 1024w, https:\/\/talents2germany.de\/ag\/wp-content\/uploads\/2024\/03\/Eleonore-Pic-150x150.png 150w, https:\/\/talents2germany.de\/ag\/wp-content\/uploads\/2024\/03\/Eleonore-Pic-768x768.png 768w, https:\/\/talents2germany.de\/ag\/wp-content\/uploads\/2024\/03\/Eleonore-Pic.png 1482w\" sizes=\"(max-width: 300px) 100vw, 300px\" \/><\/p>\n<h2>ELEONORE WALL<\/h2>\n<h2>CEO\/Moderatorin<\/h2>\n<h2>Donnerstag, 06. June, 11:00 UHR CET<\/h2>\n<h2>BIOGRAPHIE<\/h2>\n<p>Khadijeh verf\u00fcgt \u00fcber mehr als 10 Jahre Erfahrung als zertifizierte Projektmanagerin und leitete Teams und Projekte im Telekommunikationssektor. Sie ist PMP- und CCNA-zertifiziert und verf\u00fcgt \u00fcber au\u00dfergew\u00f6hnliche F\u00e4higkeiten zur effektiven Zusammenarbeit mit Interessengruppen und funktions\u00fcbergreifenden Teams. Sie besitzt au\u00dferdem die F\u00e4higkeit, Innovationen voranzutreiben und die besten Prozesse anzuwenden, um die Projektergebnisse zu verbessern.<\/p>\n<p>\t\t\t\t\t\t\t\t\t\t\t\t\t\t\t<img decoding=\"async\" width=\"768\" height=\"586\" src=\"http:\/\/talents2germany.de\/ag\/wp-content\/uploads\/2024\/04\/Khadijeh-Pic2-768x586.png\" alt=\"\" srcset=\"https:\/\/talents2germany.de\/ag\/wp-content\/uploads\/2024\/04\/Khadijeh-Pic2-768x586.png 768w, https:\/\/talents2germany.de\/ag\/wp-content\/uploads\/2024\/04\/Khadijeh-Pic2-300x229.png 300w, https:\/\/talents2germany.de\/ag\/wp-content\/uploads\/2024\/04\/Khadijeh-Pic2-1024x782.png 1024w, https:\/\/talents2germany.de\/ag\/wp-content\/uploads\/2024\/04\/Khadijeh-Pic2-1536x1173.png 1536w, https:\/\/talents2germany.de\/ag\/wp-content\/uploads\/2024\/04\/Khadijeh-Pic2-2048x1564.png 2048w\" sizes=\"(max-width: 768px) 100vw, 768px\" \/><\/p>\n<style>\/*! elementor - v3.18.0 - 08-12-2023 *\/\n.elementor-column .elementor-spacer-inner{height:var(--spacer-size)}.e-con{--container-widget-width:100%}.e-con-inner>.elementor-widget-spacer,.e-con>.elementor-widget-spacer{width:var(--container-widget-width,var(--spacer-size));--align-self:var(--container-widget-align-self,initial);--flex-shrink:0}.e-con-inner>.elementor-widget-spacer>.elementor-widget-container,.e-con>.elementor-widget-spacer>.elementor-widget-container{height:100%;width:100%}.e-con-inner>.elementor-widget-spacer>.elementor-widget-container>.elementor-spacer,.e-con>.elementor-widget-spacer>.elementor-widget-container>.elementor-spacer{height:100%}.e-con-inner>.elementor-widget-spacer>.elementor-widget-container>.elementor-spacer>.elementor-spacer-inner,.e-con>.elementor-widget-spacer>.elementor-widget-container>.elementor-spacer>.elementor-spacer-inner{height:var(--container-widget-height,var(--spacer-size))}.e-con-inner>.elementor-widget-spacer.elementor-widget-empty,.e-con>.elementor-widget-spacer.elementor-widget-empty{position:relative;min-height:22px;min-width:22px}.e-con-inner>.elementor-widget-spacer.elementor-widget-empty .elementor-widget-empty-icon,.e-con>.elementor-widget-spacer.elementor-widget-empty .elementor-widget-empty-icon{position:absolute;top:0;bottom:0;left:0;right:0;margin:auto;padding:0;width:22px;height:22px}<\/style>\n<p>\t\t\t\t\t\t\t\t\t\t\t\t\t\t\t<img loading=\"lazy\" decoding=\"async\" width=\"768\" height=\"606\" src=\"http:\/\/talents2germany.de\/ag\/wp-content\/uploads\/2024\/03\/GP-3-768x606.png\" alt=\"\" srcset=\"https:\/\/talents2germany.de\/ag\/wp-content\/uploads\/2024\/03\/GP-3-768x606.png 768w, https:\/\/talents2germany.de\/ag\/wp-content\/uploads\/2024\/03\/GP-3-300x237.png 300w, https:\/\/talents2germany.de\/ag\/wp-content\/uploads\/2024\/03\/GP-3-1024x808.png 1024w, https:\/\/talents2germany.de\/ag\/wp-content\/uploads\/2024\/03\/GP-3-1536x1212.png 1536w, https:\/\/talents2germany.de\/ag\/wp-content\/uploads\/2024\/03\/GP-3-2048x1616.png 2048w\" sizes=\"(max-width: 768px) 100vw, 768px\" \/><\/p>\n<h2>\u00dcber Talents2Germany<\/h2>\n<p>Talents2Germany unterst\u00fctzt erfahrene Softwareentwickler aus der ganzen Welt bei der Migration nach Deutschland, um eine Karriere im technischen Bereich zu starten. Wir bieten Unterst\u00fctzung bei dem Prozess, von der Vorbereitung bis zur erfolgreichen Stellensuche.<\/p>\n<p>\t\t<!-----------------------------\n\t\t\t* controls_data : find the the props passed indie of data attribute\n\t\t\t* props.SubmitResponseMarkup : contains the markup of error or success message\n\t\t\t* https:\/\/developer.mozilla.org\/en-US\/docs\/Web\/JavaScript\/Reference\/Template_literals\n\t\t--------------------------- --><\/p>\n","protected":false},"excerpt":{"rendered":"<p>AI im Projektmanagement F\u00fcr Arbeitgeber, die Projektmanager einstellen: priorisieren wir technische Expertise oder Kommunikationsst\u00e4rke bei der Auswahl? Webinar Anmeldung Join Webinar Donnerstag, 06. June 11:00 Uhr MEZ 00Tage 00Stunden 00Minuten 00Sekunden Entdecken Sie im Webinar, wie tiefgreifendes Projektmanagement-Wissen den Unterschied in Ihrer Projektperformance ausmachen kann. Wir hinterfragen g\u00e4ngige Annahmen \u00fcber die Balance zwischen technischen und [&hellip;]<\/p>\n","protected":false},"author":6,"featured_media":0,"parent":0,"menu_order":0,"comment_status":"closed","ping_status":"closed","template":"","meta":{"_acf_changed":false,"_mi_skip_tracking":false,"_monsterinsights_sitenote_active":false,"_monsterinsights_sitenote_note":"","_monsterinsights_sitenote_category":0,"_themeisle_gutenberg_block_has_review":false,"footnotes":""},"blocksy_meta":[],"acf":[],"aioseo_notices":[],"_links":{"self":[{"href":"https:\/\/talents2germany.de\/ag\/wp-json\/wp\/v2\/pages\/7760"}],"collection":[{"href":"https:\/\/talents2germany.de\/ag\/wp-json\/wp\/v2\/pages"}],"about":[{"href":"https:\/\/talents2germany.de\/ag\/wp-json\/wp\/v2\/types\/page"}],"author":[{"embeddable":true,"href":"https:\/\/talents2germany.de\/ag\/wp-json\/wp\/v2\/users\/6"}],"replies":[{"embeddable":true,"href":"https:\/\/talents2germany.de\/ag\/wp-json\/wp\/v2\/comments?post=7760"}],"version-history":[{"count":0,"href":"https:\/\/talents2germany.de\/ag\/wp-json\/wp\/v2\/pages\/7760\/revisions"}],"wp:attachment":[{"href":"https:\/\/talents2germany.de\/ag\/wp-json\/wp\/v2\/media?parent=7760"}],"curies":[{"name":"wp","href":"https:\/\/api.w.org\/{rel}","templated":true}]}}