{"id":2498,"date":"2024-01-09T09:47:55","date_gmt":"2024-01-09T09:47:55","guid":{"rendered":"https:\/\/talents2germany.de\/ag\/?page_id=2498"},"modified":"2025-12-08T02:23:06","modified_gmt":"2025-12-08T02:23:06","slug":"armin-araghi-profile","status":"publish","type":"page","link":"https:\/\/talents2germany.de\/ag\/en\/armin-araghi-profile\/","title":{"rendered":"Candidate Profile Page &#8211; Armin Araghi"},"content":{"rendered":"\t\t<div data-elementor-type=\"wp-page\" data-elementor-id=\"2498\" class=\"elementor elementor-2498\" data-elementor-post-type=\"page\">\n\t\t\t\t\t\t\t<div class=\"elementor-element elementor-element-0726375 e-flex e-con-boxed e-con e-parent\" data-id=\"0726375\" data-element_type=\"container\" data-settings=\"{&quot;background_background&quot;:&quot;classic&quot;,&quot;content_width&quot;:&quot;boxed&quot;}\" data-core-v316-plus=\"true\">\n\t\t\t\t\t<div class=\"e-con-inner\">\n\t\t<div class=\"elementor-element elementor-element-d80deb0 e-con-full e-flex e-con e-child\" data-id=\"d80deb0\" data-element_type=\"container\" data-settings=\"{&quot;content_width&quot;:&quot;full&quot;}\">\n\t\t\t\t<div class=\"elementor-element elementor-element-4ed6292 elementor-widget__width-initial elementor-widget elementor-widget-image\" data-id=\"4ed6292\" data-element_type=\"widget\" data-widget_type=\"image.default\">\n\t\t\t\t<div class=\"elementor-widget-container\">\n\t\t\t<style>\/*! elementor - v3.18.0 - 08-12-2023 *\/\n.elementor-widget-image{text-align:center}.elementor-widget-image a{display:inline-block}.elementor-widget-image a img[src$=\".svg\"]{width:48px}.elementor-widget-image img{vertical-align:middle;display:inline-block}<\/style>\t\t\t\t\t\t\t\t\t\t\t\t<img fetchpriority=\"high\" decoding=\"async\" width=\"1024\" height=\"1024\" src=\"https:\/\/talents2germany.de\/ag\/wp-content\/uploads\/sites\/2\/2025\/05\/Armin-Pic-1024x1024.png\" class=\"attachment-large size-large wp-image-15976\" alt=\"\" srcset=\"https:\/\/talents2germany.de\/ag\/wp-content\/uploads\/sites\/2\/2025\/05\/Armin-Pic-1024x1024.png 1024w, https:\/\/talents2germany.de\/ag\/wp-content\/uploads\/sites\/2\/2025\/05\/Armin-Pic-300x300.png 300w, https:\/\/talents2germany.de\/ag\/wp-content\/uploads\/sites\/2\/2025\/05\/Armin-Pic-150x150.png 150w, https:\/\/talents2germany.de\/ag\/wp-content\/uploads\/sites\/2\/2025\/05\/Armin-Pic-768x767.png 768w, https:\/\/talents2germany.de\/ag\/wp-content\/uploads\/sites\/2\/2025\/05\/Armin-Pic.png 1534w\" sizes=\"(max-width: 1024px) 100vw, 1024px\" \/>\t\t\t\t\t\t\t\t\t\t\t\t\t\t\t<\/div>\n\t\t\t\t<\/div>\n\t\t\t\t<\/div>\n\t\t<div class=\"elementor-element elementor-element-f44772c e-con-full e-flex e-con e-child\" data-id=\"f44772c\" data-element_type=\"container\" data-settings=\"{&quot;content_width&quot;:&quot;full&quot;}\">\n\t\t<div class=\"elementor-element elementor-element-13a9ed5 e-flex e-con-boxed e-con e-child\" data-id=\"13a9ed5\" data-element_type=\"container\" data-settings=\"{&quot;content_width&quot;:&quot;boxed&quot;}\">\n\t\t\t\t\t<div class=\"e-con-inner\">\n\t\t\t\t<div class=\"elementor-element elementor-element-b48cd8a elementor-widget elementor-widget-text-editor\" data-id=\"b48cd8a\" data-element_type=\"widget\" data-widget_type=\"text-editor.default\">\n\t\t\t\t<div class=\"elementor-widget-container\">\n\t\t\t<style>\/*! elementor - v3.18.0 - 08-12-2023 *\/\n.elementor-widget-text-editor.elementor-drop-cap-view-stacked .elementor-drop-cap{background-color:#69727d;color:#fff}.elementor-widget-text-editor.elementor-drop-cap-view-framed .elementor-drop-cap{color:#69727d;border:3px solid;background-color:transparent}.elementor-widget-text-editor:not(.elementor-drop-cap-view-default) .elementor-drop-cap{margin-top:8px}.elementor-widget-text-editor:not(.elementor-drop-cap-view-default) .elementor-drop-cap-letter{width:1em;height:1em}.elementor-widget-text-editor .elementor-drop-cap{float:left;text-align:center;line-height:1;font-size:50px}.elementor-widget-text-editor .elementor-drop-cap-letter{display:inline-block}<\/style>\t\t\t\t<h2><span style=\"color: #ffffff\"><strong>Armin Araghi- Mechanical Engineer<\/strong><\/span><\/h2>\t\t\t\t\t\t<\/div>\n\t\t\t\t<\/div>\n\t\t\t\t\t<\/div>\n\t\t\t\t<\/div>\n\t\t<div class=\"elementor-element elementor-element-edf6b09 e-flex e-con-boxed e-con e-child\" data-id=\"edf6b09\" data-element_type=\"container\" data-settings=\"{&quot;content_width&quot;:&quot;boxed&quot;}\">\n\t\t\t\t\t<div class=\"e-con-inner\">\n\t\t\t\t<div class=\"elementor-element elementor-element-a3715df elementor-widget elementor-widget-image\" data-id=\"a3715df\" data-element_type=\"widget\" data-widget_type=\"image.default\">\n\t\t\t\t<div class=\"elementor-widget-container\">\n\t\t\t\t\t\t\t\t\t\t\t\t\t\t\t<img decoding=\"async\" src=\"https:\/\/talents2germany.de\/ag\/wp-content\/uploads\/sites\/2\/2025\/05\/Armin-Data.png\" title=\"Armin-Data.png\" alt=\"Armin-Data.png\" loading=\"lazy\" \/>\t\t\t\t\t\t\t\t\t\t\t\t\t\t\t<\/div>\n\t\t\t\t<\/div>\n\t\t\t\t\t<\/div>\n\t\t\t\t<\/div>\n\t\t\t\t<\/div>\n\t\t\t\t\t<\/div>\n\t\t\t\t<\/div>\n\t\t<div class=\"elementor-element elementor-element-74670fb e-flex e-con-boxed e-con e-parent\" data-id=\"74670fb\" data-element_type=\"container\" data-settings=\"{&quot;content_width&quot;:&quot;boxed&quot;}\" data-core-v316-plus=\"true\">\n\t\t\t\t\t<div class=\"e-con-inner\">\n\t\t<div class=\"elementor-element elementor-element-b6c73f9 e-con-full e-flex e-con e-child\" data-id=\"b6c73f9\" data-element_type=\"container\" data-settings=\"{&quot;content_width&quot;:&quot;full&quot;}\">\n\t\t\t\t<div class=\"elementor-element elementor-element-b6c6eae elementor-widget__width-initial elementor-widget elementor-widget-text-editor\" data-id=\"b6c6eae\" data-element_type=\"widget\" data-widget_type=\"text-editor.default\">\n\t\t\t\t<div class=\"elementor-widget-container\">\n\t\t\t\t\t\t\t<h5><strong>Skill:<\/strong><\/h5><p>Project management, Welding, Production Engineering, CAD systems, Steel and Metal construction projects<\/p><h5><strong>Short Resume:<\/strong><\/h5><ul><li>Preparation, calculation, and presentation of offers<\/li><li>Design and drawing with CAD systems<\/li><li>Practical knowledge and experience in metal processing<\/li><li>Maintenance and repair of road construction machines<\/li><\/ul><h5><strong>Motivation:<\/strong><\/h5><p>I am looking for a new professional challenge in Germany in order to give my family and myself a safe and stable work environment. I am also willing to do physical work and prove my skills to my superiors. In the medium term, I see the possibility of team leadership or project management of a small team.<\/p>\t\t\t\t\t\t<\/div>\n\t\t\t\t<\/div>\n\t\t\t\t<div class=\"elementor-element elementor-element-8744050 elementor-align-center elementor-widget elementor-widget-button\" data-id=\"8744050\" data-element_type=\"widget\" data-widget_type=\"button.default\">\n\t\t\t\t<div class=\"elementor-widget-container\">\n\t\t\t\t\t<div class=\"elementor-button-wrapper\">\n\t\t\t<a class=\"elementor-button elementor-button-link elementor-size-sm\" href=\"http:\/\/talents2germany.de\/wp-content\/uploads\/2024\/01\/CV-Armin-Araghi.pdf\" target=\"_blank\">\n\t\t\t\t\t\t<span class=\"elementor-button-content-wrapper\">\n\t\t\t\t\t\t<span class=\"elementor-button-text\">View CV - English<\/span>\n\t\t<\/span>\n\t\t\t\t\t<\/a>\n\t\t<\/div>\n\t\t\t\t<\/div>\n\t\t\t\t<\/div>\n\t\t\t\t<\/div>\n\t\t<div class=\"elementor-element elementor-element-cdeb5df e-con-full e-flex e-con e-child\" data-id=\"cdeb5df\" data-element_type=\"container\" data-settings=\"{&quot;content_width&quot;:&quot;full&quot;}\">\n\t\t\t\t<div class=\"elementor-element elementor-element-5d8f482 elementor-widget elementor-widget-text-editor\" data-id=\"5d8f482\" data-element_type=\"widget\" data-widget_type=\"text-editor.default\">\n\t\t\t\t<div class=\"elementor-widget-container\">\n\t\t\t\t\t\t\t<h5><strong>Video &#8211; English<\/strong><\/h5>\t\t\t\t\t\t<\/div>\n\t\t\t\t<\/div>\n\t\t\t\t<\/div>\n\t\t\t\t\t<\/div>\n\t\t\t\t<\/div>\n\t\t<div class=\"elementor-element elementor-element-3b895a5 e-con-full e-flex e-con e-parent\" data-id=\"3b895a5\" data-element_type=\"container\" data-settings=\"{&quot;content_width&quot;:&quot;full&quot;}\" data-core-v316-plus=\"true\">\n\t\t\t\t<div class=\"elementor-element elementor-element-59811e8 elementor-widget elementor-widget-text-editor\" data-id=\"59811e8\" data-element_type=\"widget\" data-widget_type=\"text-editor.default\">\n\t\t\t\t<div class=\"elementor-widget-container\">\n\t\t\t\t\t\t\t<h3 style=\"text-align: center\"><span style=\"color: #404040\"><strong>Armin Araghi &#8211; <\/strong>German Profile<\/span><\/h3>\t\t\t\t\t\t<\/div>\n\t\t\t\t<\/div>\n\t\t\t\t<\/div>\n\t\t<div class=\"elementor-element elementor-element-b90aaf4 e-flex e-con-boxed e-con e-parent\" data-id=\"b90aaf4\" data-element_type=\"container\" data-settings=\"{&quot;content_width&quot;:&quot;boxed&quot;}\" data-core-v316-plus=\"true\">\n\t\t\t\t\t<div class=\"e-con-inner\">\n\t\t<div class=\"elementor-element elementor-element-5eff114 e-con-full e-flex e-con e-child\" data-id=\"5eff114\" data-element_type=\"container\" data-settings=\"{&quot;content_width&quot;:&quot;full&quot;}\">\n\t\t\t\t<div class=\"elementor-element elementor-element-acf1a89 elementor-widget elementor-widget-text-editor\" data-id=\"acf1a89\" data-element_type=\"widget\" data-widget_type=\"text-editor.default\">\n\t\t\t\t<div class=\"elementor-widget-container\">\n\t\t\t\t\t\t\t<h5><strong>Video &#8211; German<\/strong><\/h5>\t\t\t\t\t\t<\/div>\n\t\t\t\t<\/div>\n\t\t\t\t<\/div>\n\t\t<div class=\"elementor-element elementor-element-7edaab5 e-con-full e-flex e-con e-child\" data-id=\"7edaab5\" data-element_type=\"container\" data-settings=\"{&quot;content_width&quot;:&quot;full&quot;}\">\n\t\t\t\t<div class=\"elementor-element elementor-element-2df6105 elementor-widget__width-initial elementor-widget elementor-widget-text-editor\" data-id=\"2df6105\" data-element_type=\"widget\" data-widget_type=\"text-editor.default\">\n\t\t\t\t<div class=\"elementor-widget-container\">\n\t\t\t\t\t\t\t<h5><strong>Fertigkeiten:<\/strong><\/h5><p>Projekmanagement, Schwei\u00dfen, Fertigungstechnik, CAD-Systeme, Stahl- und Metallbauprojekte<\/p><h5><strong>Kurzer Lebenslauf:<\/strong><\/h5><ul><li>Ausarbeitung, Kalkulation und Pr\u00e4sentation von Angeboten<\/li><li>Konstruktion und Zeichnung mit CAD-Systemen<\/li><li>Praktische Kenntnisse und Erfahrung in der Metallverarbeitung<\/li><li>Wartung und Reparatur von Stra\u00dfenbaumaschinen<\/li><\/ul><h5><strong>Die Motivation:<\/strong><\/h5><p>Ich strebe nach einer neuen beruflichen Herausforderung in Deutschland, um meiner Familie und mir ein sicheres und stabiles Umfeld zu bieten. Dabei bin ich auch bereit physische Arbeit auszuf\u00fchren<br \/>und meine F\u00e4higkeiten meinen Vorgesetzten unter Beweis zu stellen. Mittelfristig sehe ich die M\u00f6glichkeit, in die Teamf\u00fchrung oder Projektleitung eines kleinen Teams einzusteigen.<\/p>\t\t\t\t\t\t<\/div>\n\t\t\t\t<\/div>\n\t\t\t\t<div class=\"elementor-element elementor-element-10ff668 elementor-align-center elementor-widget elementor-widget-button\" data-id=\"10ff668\" data-element_type=\"widget\" data-widget_type=\"button.default\">\n\t\t\t\t<div class=\"elementor-widget-container\">\n\t\t\t\t\t<div class=\"elementor-button-wrapper\">\n\t\t\t<a class=\"elementor-button elementor-button-link elementor-size-sm\" href=\"http:\/\/talents2germany.de\/wp-content\/uploads\/2024\/01\/CV-Armin-Araghi.pdf\" target=\"_blank\">\n\t\t\t\t\t\t<span class=\"elementor-button-content-wrapper\">\n\t\t\t\t\t\t<span class=\"elementor-button-text\">View CV - English<\/span>\n\t\t<\/span>\n\t\t\t\t\t<\/a>\n\t\t<\/div>\n\t\t\t\t<\/div>\n\t\t\t\t<\/div>\n\t\t\t\t<\/div>\n\t\t\t\t\t<\/div>\n\t\t\t\t<\/div>\n\t\t\t\t\t\t\t<\/div>\n\t\t","protected":false},"excerpt":{"rendered":"<p>\/*! elementor &#8211; v3.18.0 &#8211; 08-12-2023 *\/ .elementor-widget-image{text-align:center}.elementor-widget-image a{display:inline-block}.elementor-widget-image a img[src$=&#8221;.svg&#8221;]{width:48px}.elementor-widget-image img{vertical-align:middle;display:inline-block} Armin Araghi- Mechanical Engineer Skill: Project management, Welding, Production Engineering, CAD systems, Steel and Metal construction projects Short Resume: Preparation, calculation, and presentation of offers Design and drawing with CAD systems Practical knowledge and experience in metal processing Maintenance and repair of road [&hellip;]<\/p>\n","protected":false},"author":1,"featured_media":0,"parent":0,"menu_order":0,"comment_status":"closed","ping_status":"closed","template":"","meta":{"_acf_changed":false,"_mi_skip_tracking":false,"_monsterinsights_sitenote_active":false,"_monsterinsights_sitenote_note":"","_monsterinsights_sitenote_category":0,"_themeisle_gutenberg_block_has_review":false,"footnotes":""},"blocksy_meta":[],"acf":[],"aioseo_notices":[],"_links":{"self":[{"href":"https:\/\/talents2germany.de\/ag\/wp-json\/wp\/v2\/pages\/2498"}],"collection":[{"href":"https:\/\/talents2germany.de\/ag\/wp-json\/wp\/v2\/pages"}],"about":[{"href":"https:\/\/talents2germany.de\/ag\/wp-json\/wp\/v2\/types\/page"}],"author":[{"embeddable":true,"href":"https:\/\/talents2germany.de\/ag\/wp-json\/wp\/v2\/users\/1"}],"replies":[{"embeddable":true,"href":"https:\/\/talents2germany.de\/ag\/wp-json\/wp\/v2\/comments?post=2498"}],"version-history":[{"count":7,"href":"https:\/\/talents2germany.de\/ag\/wp-json\/wp\/v2\/pages\/2498\/revisions"}],"predecessor-version":[{"id":17258,"href":"https:\/\/talents2germany.de\/ag\/wp-json\/wp\/v2\/pages\/2498\/revisions\/17258"}],"wp:attachment":[{"href":"https:\/\/talents2germany.de\/ag\/wp-json\/wp\/v2\/media?parent=2498"}],"curies":[{"name":"wp","href":"https:\/\/api.w.org\/{rel}","templated":true}]}}