{"id":2446,"date":"2024-01-04T17:50:56","date_gmt":"2024-01-04T17:50:56","guid":{"rendered":"https:\/\/talents2germany.de\/ag\/?page_id=2446"},"modified":"2024-01-04T17:50:56","modified_gmt":"2024-01-04T17:50:56","slug":"khadejih-moshtagi-profile-2","status":"publish","type":"page","link":"https:\/\/talents2germany.de\/ag\/en\/khadejih-moshtagi-profile-2\/","title":{"rendered":"Candidate Profile Page &#8211; Khadejih Moshtagi"},"content":{"rendered":"<style>\/*! elementor - v3.18.0 - 08-12-2023 *\/\n.elementor-widget-image{text-align:center}.elementor-widget-image a{display:inline-block}.elementor-widget-image a img[src$=\".svg\"]{width:48px}.elementor-widget-image img{vertical-align:middle;display:inline-block}<\/style>\n<p>\t\t\t\t\t\t\t\t\t\t\t\t<img fetchpriority=\"high\" decoding=\"async\" width=\"1024\" height=\"1024\" src=\"http:\/\/talents2germany.de\/ag\/wp-content\/uploads\/2024\/01\/Khadejih-Pic-1024x1024.png\" alt=\"\" srcset=\"https:\/\/talents2germany.de\/ag\/wp-content\/uploads\/2024\/01\/Khadejih-Pic-1024x1024.png 1024w, https:\/\/talents2germany.de\/ag\/wp-content\/uploads\/2024\/01\/Khadejih-Pic-300x300.png 300w, https:\/\/talents2germany.de\/ag\/wp-content\/uploads\/2024\/01\/Khadejih-Pic-150x150.png 150w, https:\/\/talents2germany.de\/ag\/wp-content\/uploads\/2024\/01\/Khadejih-Pic-768x769.png 768w, https:\/\/talents2germany.de\/ag\/wp-content\/uploads\/2024\/01\/Khadejih-Pic.png 1523w\" sizes=\"(max-width: 1024px) 100vw, 1024px\" \/><\/p>\n<h2><strong>Khadijeh Moshtagi &#8211; Project Manager<\/strong><\/h2>\n<p>\t\t\t\t\t\t\t\t\t\t\t\t\t\t\t<img decoding=\"async\" width=\"1024\" height=\"55\" src=\"http:\/\/talents2germany.de\/ag\/wp-content\/uploads\/2024\/01\/Khadejih-Data-1024x55.png\" alt=\"\" srcset=\"https:\/\/talents2germany.de\/ag\/wp-content\/uploads\/2024\/01\/Khadejih-Data-1024x55.png 1024w, https:\/\/talents2germany.de\/ag\/wp-content\/uploads\/2024\/01\/Khadejih-Data-300x16.png 300w, https:\/\/talents2germany.de\/ag\/wp-content\/uploads\/2024\/01\/Khadejih-Data-768x41.png 768w, https:\/\/talents2germany.de\/ag\/wp-content\/uploads\/2024\/01\/Khadejih-Data-1536x82.png 1536w, https:\/\/talents2germany.de\/ag\/wp-content\/uploads\/2024\/01\/Khadejih-Data-2048x109.png 2048w\" sizes=\"(max-width: 1024px) 100vw, 1024px\" \/><\/p>\n<h5><strong>Skill:<\/strong><\/h5>\n<p>Certified project manager with 10+ years experience, Leading teams, Projects in telecomunication sector<\/p>\n<h5><strong>Short Resume:<\/strong><\/h5>\n<ul>\n<li>Certified in PMP and CCNA<\/li>\n<li>Exceptional collaboration skills and ability to effective collaboration with stakeholders and cross-functional teams.<\/li>\n<li>Strong ability to drive innovation and apply best processes to improve project project results.<\/li>\n<\/ul>\n<h5><strong>Motivation:<\/strong><\/h5>\n<p>My passion for technology has led me to research countries that offer opportunities for expansive development of technical professionals. I identified Germany as a country where I would develop technically and grow personally.<\/p>\n<p>\t\t\t<a href=\"http:\/\/talents2germany.de\/ag\/wp-content\/uploads\/2023\/12\/Khadijeh_Moshtaghi_CV.pdf\" target=\"_blank\" rel=\"noopener\"><br \/>\n\t\t\t\t\t\tView CV &#8211; English<br \/>\n\t\t\t\t\t<\/a><\/p>\n<h5><strong>Video &#8211; English<\/strong><\/h5>\n<p>https:\/\/vimeo.com\/899179897?share=copy<\/p>\n<h3 style=\"text-align: center;\"><strong>Khadejih Moshtagi &#8211; <\/strong>German Profile<\/h3>\n<h5><strong>Video &#8211; German<\/strong><\/h5>\n<p>https:\/\/vimeo.com\/899224529?share=copy<\/p>\n<h5><strong>Fertigkeiten:<\/strong><\/h5>\n<p>Zertifizierter Projektmanager mit mehr als 10 Jahren Erfahrung, Leitung von Teams, Projekte im Telekommunikationssektor<\/p>\n<h5><strong>Kurzer Lebenslauf:<\/strong><\/h5>\n<ul>\n<li>Zertifiziert in PMP und CCNA<\/li>\n<li>Au\u00dfergew\u00f6hnliche F\u00e4higkeiten zur<br \/>Zusammenarbeit und F\u00e4higkeit zur<br \/>effektiven Zusammenarbeit mit<br \/>Interessengruppen und<br \/>funktions\u00fcbergreifenden Teams.<\/li>\n<li>Ausgepr\u00e4gte F\u00e4higkeit, Innovationen<br \/>voranzutreiben und bew\u00e4hrte<br \/>Verfahren zur Verbesserung von<br \/>Projektergebnissen umzusetzen.<\/li>\n<\/ul>\n<h5><strong>Die Motivation:<\/strong><\/h5>\n<p>Ich m\u00f6chte in der IT oder Telekom Branche in einem wettbewerbsf\u00e4higen Umfeld arbeiten und mit meiner Leistung \u00fcberzeugen. Mein langfristiges Ziel ist es eine Expertin im PMO Bereich zu sein. Kontinuierliche Weiterbildung und die Anwendung neuer Technologien sind f\u00fcr<br \/>mich wichtige Werte, die ich von meinem<br \/>zuk\u00fcnftigen Arbeitgeber erwarte.<\/p>\n<p>\t\t\t<a href=\"http:\/\/talents2germany.de\/ag\/wp-content\/uploads\/2023\/12\/Khadijeh_Moshtaghi_CV.pdf\" target=\"_blank\" rel=\"noopener\"><br \/>\n\t\t\t\t\t\tView CV &#8211; German<br \/>\n\t\t\t\t\t<\/a><\/p>\n","protected":false},"excerpt":{"rendered":"<p>Khadijeh Moshtagi &#8211; Project Manager Skill: Certified project manager with 10+ years experience, Leading teams, Projects in telecomunication sector Short Resume: Certified in PMP and CCNA Exceptional collaboration skills and ability to effective collaboration with stakeholders and cross-functional teams. Strong ability to drive innovation and apply best processes to improve project project results. Motivation: My [&hellip;]<\/p>\n","protected":false},"author":1,"featured_media":0,"parent":0,"menu_order":0,"comment_status":"closed","ping_status":"closed","template":"","meta":{"_acf_changed":false,"_mi_skip_tracking":false,"_monsterinsights_sitenote_active":false,"_monsterinsights_sitenote_note":"","_monsterinsights_sitenote_category":0,"_themeisle_gutenberg_block_has_review":false,"footnotes":""},"blocksy_meta":[],"acf":[],"aioseo_notices":[],"_links":{"self":[{"href":"https:\/\/talents2germany.de\/ag\/wp-json\/wp\/v2\/pages\/2446"}],"collection":[{"href":"https:\/\/talents2germany.de\/ag\/wp-json\/wp\/v2\/pages"}],"about":[{"href":"https:\/\/talents2germany.de\/ag\/wp-json\/wp\/v2\/types\/page"}],"author":[{"embeddable":true,"href":"https:\/\/talents2germany.de\/ag\/wp-json\/wp\/v2\/users\/1"}],"replies":[{"embeddable":true,"href":"https:\/\/talents2germany.de\/ag\/wp-json\/wp\/v2\/comments?post=2446"}],"version-history":[{"count":0,"href":"https:\/\/talents2germany.de\/ag\/wp-json\/wp\/v2\/pages\/2446\/revisions"}],"wp:attachment":[{"href":"https:\/\/talents2germany.de\/ag\/wp-json\/wp\/v2\/media?parent=2446"}],"curies":[{"name":"wp","href":"https:\/\/api.w.org\/{rel}","templated":true}]}}