{"id":10569,"date":"2024-10-01T10:33:39","date_gmt":"2024-10-01T09:33:39","guid":{"rendered":"https:\/\/talents2germany.de\/ag\/?page_id=10569"},"modified":"2025-05-09T12:14:40","modified_gmt":"2025-05-09T11:14:40","slug":"geschichte","status":"publish","type":"page","link":"https:\/\/talents2germany.de\/ag\/de\/geschichte\/","title":{"rendered":"Geschichte"},"content":{"rendered":"\t\t<div data-elementor-type=\"wp-page\" data-elementor-id=\"10569\" class=\"elementor elementor-10569\" data-elementor-post-type=\"page\">\n\t\t\t\t\t\t\t<div class=\"elementor-element elementor-element-89031a9 e-con-full e-flex e-con e-parent\" data-id=\"89031a9\" data-element_type=\"container\" data-settings=\"{&quot;content_width&quot;:&quot;full&quot;}\" data-core-v316-plus=\"true\">\n\t\t<div class=\"elementor-element elementor-element-13d8d24 e-flex e-con-boxed e-con e-child\" data-id=\"13d8d24\" data-element_type=\"container\" data-settings=\"{&quot;background_background&quot;:&quot;classic&quot;,&quot;content_width&quot;:&quot;boxed&quot;}\">\n\t\t\t\t\t<div class=\"e-con-inner\">\n\t\t<div class=\"elementor-element elementor-element-b893044 e-con-full e-flex e-con e-child\" data-id=\"b893044\" data-element_type=\"container\" data-settings=\"{&quot;content_width&quot;:&quot;full&quot;}\">\n\t\t\t\t<div class=\"elementor-element elementor-element-4ae17fc elementor-widget-divider--view-line elementor-widget elementor-widget-divider\" data-id=\"4ae17fc\" data-element_type=\"widget\" data-widget_type=\"divider.default\">\n\t\t\t\t<div class=\"elementor-widget-container\">\n\t\t\t<style>\/*! elementor - v3.18.0 - 08-12-2023 *\/\n.elementor-widget-divider{--divider-border-style:none;--divider-border-width:1px;--divider-color:#0c0d0e;--divider-icon-size:20px;--divider-element-spacing:10px;--divider-pattern-height:24px;--divider-pattern-size:20px;--divider-pattern-url:none;--divider-pattern-repeat:repeat-x}.elementor-widget-divider .elementor-divider{display:flex}.elementor-widget-divider .elementor-divider__text{font-size:15px;line-height:1;max-width:95%}.elementor-widget-divider .elementor-divider__element{margin:0 var(--divider-element-spacing);flex-shrink:0}.elementor-widget-divider .elementor-icon{font-size:var(--divider-icon-size)}.elementor-widget-divider .elementor-divider-separator{display:flex;margin:0;direction:ltr}.elementor-widget-divider--view-line_icon .elementor-divider-separator,.elementor-widget-divider--view-line_text .elementor-divider-separator{align-items:center}.elementor-widget-divider--view-line_icon .elementor-divider-separator:after,.elementor-widget-divider--view-line_icon .elementor-divider-separator:before,.elementor-widget-divider--view-line_text .elementor-divider-separator:after,.elementor-widget-divider--view-line_text .elementor-divider-separator:before{display:block;content:\"\";border-bottom:0;flex-grow:1;border-top:var(--divider-border-width) var(--divider-border-style) var(--divider-color)}.elementor-widget-divider--element-align-left .elementor-divider .elementor-divider-separator>.elementor-divider__svg:first-of-type{flex-grow:0;flex-shrink:100}.elementor-widget-divider--element-align-left .elementor-divider-separator:before{content:none}.elementor-widget-divider--element-align-left .elementor-divider__element{margin-left:0}.elementor-widget-divider--element-align-right .elementor-divider .elementor-divider-separator>.elementor-divider__svg:last-of-type{flex-grow:0;flex-shrink:100}.elementor-widget-divider--element-align-right .elementor-divider-separator:after{content:none}.elementor-widget-divider--element-align-right .elementor-divider__element{margin-right:0}.elementor-widget-divider:not(.elementor-widget-divider--view-line_text):not(.elementor-widget-divider--view-line_icon) .elementor-divider-separator{border-top:var(--divider-border-width) var(--divider-border-style) var(--divider-color)}.elementor-widget-divider--separator-type-pattern{--divider-border-style:none}.elementor-widget-divider--separator-type-pattern.elementor-widget-divider--view-line .elementor-divider-separator,.elementor-widget-divider--separator-type-pattern:not(.elementor-widget-divider--view-line) .elementor-divider-separator:after,.elementor-widget-divider--separator-type-pattern:not(.elementor-widget-divider--view-line) .elementor-divider-separator:before,.elementor-widget-divider--separator-type-pattern:not([class*=elementor-widget-divider--view]) .elementor-divider-separator{width:100%;min-height:var(--divider-pattern-height);-webkit-mask-size:var(--divider-pattern-size) 100%;mask-size:var(--divider-pattern-size) 100%;-webkit-mask-repeat:var(--divider-pattern-repeat);mask-repeat:var(--divider-pattern-repeat);background-color:var(--divider-color);-webkit-mask-image:var(--divider-pattern-url);mask-image:var(--divider-pattern-url)}.elementor-widget-divider--no-spacing{--divider-pattern-size:auto}.elementor-widget-divider--bg-round{--divider-pattern-repeat:round}.rtl .elementor-widget-divider .elementor-divider__text{direction:rtl}.e-con-inner>.elementor-widget-divider,.e-con>.elementor-widget-divider{width:var(--container-widget-width,100%);--flex-grow:var(--container-widget-flex-grow)}<\/style>\t\t<div class=\"elementor-divider\">\n\t\t\t<span class=\"elementor-divider-separator\">\n\t\t\t\t\t\t<\/span>\n\t\t<\/div>\n\t\t\t\t<\/div>\n\t\t\t\t<\/div>\n\t\t\t\t<div class=\"elementor-element elementor-element-08b53bf elementor-widget__width-initial elementor-widget-tablet__width-initial elementor-widget elementor-widget-heading\" data-id=\"08b53bf\" data-element_type=\"widget\" data-widget_type=\"heading.default\">\n\t\t\t\t<div class=\"elementor-widget-container\">\n\t\t\t<style>\/*! elementor - v3.18.0 - 08-12-2023 *\/\n.elementor-heading-title{padding:0;margin:0;line-height:1}.elementor-widget-heading .elementor-heading-title[class*=elementor-size-]>a{color:inherit;font-size:inherit;line-height:inherit}.elementor-widget-heading .elementor-heading-title.elementor-size-small{font-size:15px}.elementor-widget-heading .elementor-heading-title.elementor-size-medium{font-size:19px}.elementor-widget-heading .elementor-heading-title.elementor-size-large{font-size:29px}.elementor-widget-heading .elementor-heading-title.elementor-size-xl{font-size:39px}.elementor-widget-heading .elementor-heading-title.elementor-size-xxl{font-size:59px}<\/style><h2 class=\"elementor-heading-title elementor-size-default\">Wie ein Software-Ingenieur aus dem Iran den Start von Talents2Germany inspiriert hat:<span data-metadata=\"<!--(figmeta)eyJmaWxlS2V5Ijoick9oZEJGUE03UkpUVkQ1bDNvWnV3TiIsInBhc3RlSUQiOjE5NTc1ODgyMzUsImRhdGFUeXBlIjoic2NlbmUifQo=(\/figmeta)-->\"><\/span><\/h2>\t\t<\/div>\n\t\t\t\t<\/div>\n\t\t\t\t<\/div>\n\t\t\t\t\t<\/div>\n\t\t\t\t<\/div>\n\t\t<div class=\"elementor-element elementor-element-245e80c e-con-full e-flex e-con e-child\" data-id=\"245e80c\" data-element_type=\"container\" data-settings=\"{&quot;content_width&quot;:&quot;full&quot;}\">\n\t\t<div class=\"elementor-element elementor-element-6c41f08 e-con-full e-flex e-con e-child\" data-id=\"6c41f08\" data-element_type=\"container\" data-settings=\"{&quot;background_background&quot;:&quot;gradient&quot;,&quot;content_width&quot;:&quot;full&quot;}\">\n\t\t<div class=\"elementor-element elementor-element-58fc442 e-con-full e-flex e-con e-child\" data-id=\"58fc442\" data-element_type=\"container\" data-settings=\"{&quot;content_width&quot;:&quot;full&quot;}\">\n\t\t\t\t<div class=\"elementor-element elementor-element-d3dad1c elementor-widget elementor-widget-image\" data-id=\"d3dad1c\" data-element_type=\"widget\" data-widget_type=\"image.default\">\n\t\t\t\t<div class=\"elementor-widget-container\">\n\t\t\t<style>\/*! elementor - v3.18.0 - 08-12-2023 *\/\n.elementor-widget-image{text-align:center}.elementor-widget-image a{display:inline-block}.elementor-widget-image a img[src$=\".svg\"]{width:48px}.elementor-widget-image img{vertical-align:middle;display:inline-block}<\/style>\t\t\t\t\t\t\t\t\t\t\t\t<img fetchpriority=\"high\" decoding=\"async\" width=\"1024\" height=\"576\" src=\"https:\/\/talents2germany.de\/ag\/wp-content\/uploads\/sites\/2\/2025\/05\/geshichte-1024x576.png\" class=\"attachment-large size-large wp-image-16024\" alt=\"\" srcset=\"https:\/\/talents2germany.de\/ag\/wp-content\/uploads\/sites\/2\/2025\/05\/geshichte-1024x576.png 1024w, https:\/\/talents2germany.de\/ag\/wp-content\/uploads\/sites\/2\/2025\/05\/geshichte-300x169.png 300w, https:\/\/talents2germany.de\/ag\/wp-content\/uploads\/sites\/2\/2025\/05\/geshichte-768x432.png 768w, https:\/\/talents2germany.de\/ag\/wp-content\/uploads\/sites\/2\/2025\/05\/geshichte.png 1404w\" sizes=\"(max-width: 1024px) 100vw, 1024px\" \/>\t\t\t\t\t\t\t\t\t\t\t\t\t\t\t<\/div>\n\t\t\t\t<\/div>\n\t\t\t\t<\/div>\n\t\t<div class=\"elementor-element elementor-element-0e0c770 e-con-full e-flex e-con e-child\" data-id=\"0e0c770\" data-element_type=\"container\" data-settings=\"{&quot;content_width&quot;:&quot;full&quot;}\">\n\t\t\t\t<div class=\"elementor-element elementor-element-06e115b elementor-widget-divider--view-line elementor-widget elementor-widget-divider\" data-id=\"06e115b\" data-element_type=\"widget\" data-widget_type=\"divider.default\">\n\t\t\t\t<div class=\"elementor-widget-container\">\n\t\t\t\t\t<div class=\"elementor-divider\">\n\t\t\t<span class=\"elementor-divider-separator\">\n\t\t\t\t\t\t<\/span>\n\t\t<\/div>\n\t\t\t\t<\/div>\n\t\t\t\t<\/div>\n\t\t\t\t<div class=\"elementor-element elementor-element-3c41cc6 elementor-widget elementor-widget-heading\" data-id=\"3c41cc6\" data-element_type=\"widget\" data-widget_type=\"heading.default\">\n\t\t\t\t<div class=\"elementor-widget-container\">\n\t\t\t<h2 class=\"elementor-heading-title elementor-size-default\"><h2 class=\"elementor-heading-title elementor-size-default elementor-inline-editing pen\" data-elementor-setting-key=\"title\" data-pen-placeholder=\"Type Here...\" style=\"--theme-font-family: Urbanist, Sans-Serif; --theme-font-weight: 700; --theme-font-size: 35px; --theme-line-height: 1.5; font-style: normal; font-variant-ligatures: normal; font-variant-caps: normal; font-weight: 800; font-size: 30px; line-height: 48px; font-family: Urbanist, sans-serif; letter-spacing: normal; text-transform: none; text-decoration-thickness: initial; text-decoration-style: initial; text-decoration-color: initial; margin-block-end: calc(var(--has-theme-content-spacing, 1)*(.3em + 10px));\">Wie ein Software-Ingenieur aus dem Iran den Start von Talents2Germany inspiriert hat:<span style=\"font-family: &quot;Open Sans&quot;, sans-serif; font-size: var(--theme-font-size); font-style: var(--theme-font-style, inherit); font-variant-ligatures: inherit; font-variant-caps: inherit; font-weight: var(--theme-font-weight); letter-spacing: var(--theme-letter-spacing); text-transform: var(--theme-text-transform); text-align: var(--text-align); background-color: transparent;\"><\/span><\/h2><\/h2>\t\t<\/div>\n\t\t\t\t<\/div>\n\t\t\t\t<div class=\"elementor-element elementor-element-28b16a2 elementor-widget elementor-widget-text-editor\" data-id=\"28b16a2\" data-element_type=\"widget\" data-widget_type=\"text-editor.default\">\n\t\t\t\t<div class=\"elementor-widget-container\">\n\t\t\t<style>\/*! elementor - v3.18.0 - 08-12-2023 *\/\n.elementor-widget-text-editor.elementor-drop-cap-view-stacked .elementor-drop-cap{background-color:#69727d;color:#fff}.elementor-widget-text-editor.elementor-drop-cap-view-framed .elementor-drop-cap{color:#69727d;border:3px solid;background-color:transparent}.elementor-widget-text-editor:not(.elementor-drop-cap-view-default) .elementor-drop-cap{margin-top:8px}.elementor-widget-text-editor:not(.elementor-drop-cap-view-default) .elementor-drop-cap-letter{width:1em;height:1em}.elementor-widget-text-editor .elementor-drop-cap{float:left;text-align:center;line-height:1;font-size:50px}.elementor-widget-text-editor .elementor-drop-cap-letter{display:inline-block}<\/style>\t\t\t\t<p><span style=\"white-space-collapse: preserve;\">Die Geschichte von Talents2Germany beginnt mit Mahbod, einem Herrn aus dem Iran, den ich w\u00e4hrend meiner Arbeit bei meiner fr\u00fcheren Firma Biz4d kennengelernt hatte, die sich auf Unternehmensmentoring konzentrierte. Er hatte sich auf etwa 300 Stellen in Deutschland beworben und nur ein einziges Vorstellungsgespr\u00e4ch erhalten, was ihn extrem frustrierte. Egal, wie schwer es war, Mahbod k\u00e4mpfte weiter. Als wir uns durch gl\u00fcckliche Umst\u00e4nde kennenlernten, half ich Mahbod bei der \u00dcberarbeitung seiner Unterlagen und stellte pers\u00f6nliche Kontakte f\u00fcr ihn her.<\/span><\/p><p><span style=\"white-space-collapse: preserve;\">Ich war Mitglied des Nationalen Vorstands von JCI Deutschland gewesen. Wir haben etwa 16.000 Mitglieder: Unternehmer und F\u00fchrungskr\u00e4fte aus dem ganzen Land. Ich war Pr\u00e4sident von JCI Frankfurt, mit etwa 300 Mitgliedern. Durch pers\u00f6nliche Kontakte konnten wir ihn mit einigen potenziellen Arbeitgebern in Verbindung bringen, seine Unterlagen verbessern, ein Training f\u00fcr Vorstellungsgespr\u00e4che anbieten und ihm schlie\u00dflich zu mehreren Jobangeboten verhelfen.<\/span><\/p>\t\t\t\t\t\t<\/div>\n\t\t\t\t<\/div>\n\t\t\t\t<\/div>\n\t\t\t\t<\/div>\n\t\t<div class=\"elementor-element elementor-element-4a3c8ab e-con-full e-flex e-con e-child\" data-id=\"4a3c8ab\" data-element_type=\"container\" data-settings=\"{&quot;content_width&quot;:&quot;full&quot;}\">\n\t\t<div class=\"elementor-element elementor-element-875f7bc e-con-full e-flex e-con e-child\" data-id=\"875f7bc\" data-element_type=\"container\" data-settings=\"{&quot;content_width&quot;:&quot;full&quot;}\">\n\t\t\t\t<div class=\"elementor-element elementor-element-049f0d9 elementor-widget-divider--view-line elementor-widget elementor-widget-divider\" data-id=\"049f0d9\" data-element_type=\"widget\" data-widget_type=\"divider.default\">\n\t\t\t\t<div class=\"elementor-widget-container\">\n\t\t\t\t\t<div class=\"elementor-divider\">\n\t\t\t<span class=\"elementor-divider-separator\">\n\t\t\t\t\t\t<\/span>\n\t\t<\/div>\n\t\t\t\t<\/div>\n\t\t\t\t<\/div>\n\t\t\t\t<div class=\"elementor-element elementor-element-9390882 elementor-widget elementor-widget-heading\" data-id=\"9390882\" data-element_type=\"widget\" data-widget_type=\"heading.default\">\n\t\t\t\t<div class=\"elementor-widget-container\">\n\t\t\t<h2 class=\"elementor-heading-title elementor-size-default\">Der Bedarf an verl\u00e4sslicher Unterst\u00fctzung bei der Migration:<span data-metadata=\"<!--(figmeta)eyJmaWxlS2V5IjoiWWltY1VadFN4NVYyYWhwbzduaWN5USIsInBhc3RlSUQiOjQwMTk2MzIzNCwiZGF0YVR5cGUiOiJzY2VuZSJ9Cg==(\/figmeta)-->\"><\/span><\/h2>\t\t<\/div>\n\t\t\t\t<\/div>\n\t\t\t\t<div class=\"elementor-element elementor-element-e048fee elementor-widget elementor-widget-text-editor\" data-id=\"e048fee\" data-element_type=\"widget\" data-widget_type=\"text-editor.default\">\n\t\t\t\t<div class=\"elementor-widget-container\">\n\t\t\t\t\t\t\t<p><span style=\"white-space-collapse: preserve;\">Als wir seine Optionen und die Angebote, die er erhalten hatte, besprachen, sah er mich pl\u00f6tzlich an und sagte: \u201eEleonore, als du mir gesagt hast, dass das passieren wird, dachte ich, du verstehst die Realit\u00e4t nicht. Und jetzt sitze ich hier und vergleiche, was mein Traumziel ist. Ich h\u00e4tte nie geglaubt, dass das passieren w\u00fcrde.\u201c Es war Mahbod, der dann sogar Marek und mich anspornte und sagte: \u201eIhr seid es, die ein Gesch\u00e4ft daraus machen m\u00fcssen.\u201c <\/span><\/p>\n<p><span style=\"white-space-collapse: preserve;\">Mahbod stammt aus dem Iran, und ihm zufolge behaupten zahlreiche Agenturen im Iran, Personen bei der beruflichen Migration nach Deutschland zu unterst\u00fctzen und sie mit potenziellen Arbeitgebern in Verbindung zu bringen. Leider sind viele dieser Agenturen in betr\u00fcgerische Aktivit\u00e4ten verwickelt. Und selbst wenn dies nicht der Fall ist, fehlt ihnen ein angemessenes Verst\u00e4ndnis des deutschen Marktes. Infolgedessen bleiben ihre Bem\u00fchungen, Menschen in Not zu helfen, oft erfolglos. Es war Mahbod, der uns dann sehr ermutigt hat, daraus eine Organisation und ein Unternehmen zu machen. Zu Beginn hatten wir Partnerschaften im Iran, aber dann zog der Iran den Stecker und schaltete das Internet ab. Zu diesem Zeitpunkt hatten wir bereits Partnerschaften und Verbindungen nach Indien, Afrika und so weiter aufgebaut.<\/span><\/p>\t\t\t\t\t\t<\/div>\n\t\t\t\t<\/div>\n\t\t\t\t<\/div>\n\t\t<div class=\"elementor-element elementor-element-e0e2592 e-con-full e-flex e-con e-child\" data-id=\"e0e2592\" data-element_type=\"container\" data-settings=\"{&quot;content_width&quot;:&quot;full&quot;}\">\n\t\t\t\t<div class=\"elementor-element elementor-element-9379a32 elementor-widget elementor-widget-image\" data-id=\"9379a32\" data-element_type=\"widget\" data-widget_type=\"image.default\">\n\t\t\t\t<div class=\"elementor-widget-container\">\n\t\t\t\t\t\t\t\t\t\t\t\t\t\t\t<img decoding=\"async\" width=\"1024\" height=\"576\" src=\"https:\/\/talents2germany.de\/ag\/wp-content\/uploads\/sites\/2\/2025\/05\/geshichte2-1024x576.png\" class=\"attachment-large size-large wp-image-16025\" alt=\"\" srcset=\"https:\/\/talents2germany.de\/ag\/wp-content\/uploads\/sites\/2\/2025\/05\/geshichte2-1024x576.png 1024w, https:\/\/talents2germany.de\/ag\/wp-content\/uploads\/sites\/2\/2025\/05\/geshichte2-300x169.png 300w, https:\/\/talents2germany.de\/ag\/wp-content\/uploads\/sites\/2\/2025\/05\/geshichte2-768x432.png 768w, https:\/\/talents2germany.de\/ag\/wp-content\/uploads\/sites\/2\/2025\/05\/geshichte2.png 1404w\" sizes=\"(max-width: 1024px) 100vw, 1024px\" \/>\t\t\t\t\t\t\t\t\t\t\t\t\t\t\t<\/div>\n\t\t\t\t<\/div>\n\t\t\t\t<\/div>\n\t\t\t\t<\/div>\n\t\t<div class=\"elementor-element elementor-element-f70c9f0 e-con-full e-flex e-con e-child\" data-id=\"f70c9f0\" data-element_type=\"container\" data-settings=\"{&quot;background_background&quot;:&quot;gradient&quot;,&quot;content_width&quot;:&quot;full&quot;}\">\n\t\t<div class=\"elementor-element elementor-element-886bcfd e-con-full e-flex e-con e-child\" data-id=\"886bcfd\" data-element_type=\"container\" data-settings=\"{&quot;content_width&quot;:&quot;full&quot;}\">\n\t\t\t\t<div class=\"elementor-element elementor-element-bd6f9b8 elementor-widget elementor-widget-image\" data-id=\"bd6f9b8\" data-element_type=\"widget\" data-widget_type=\"image.default\">\n\t\t\t\t<div class=\"elementor-widget-container\">\n\t\t\t\t\t\t\t\t\t\t\t\t\t\t\t<img decoding=\"async\" width=\"768\" height=\"434\" src=\"https:\/\/talents2germany.de\/ag\/wp-content\/uploads\/sites\/2\/2025\/05\/p_ba3cf036-70e9-11ef-bd18-829606c855ef-768x434.png\" class=\"attachment-medium_large size-medium_large wp-image-15780\" alt=\"\" srcset=\"https:\/\/talents2germany.de\/ag\/wp-content\/uploads\/sites\/2\/2025\/05\/p_ba3cf036-70e9-11ef-bd18-829606c855ef-768x434.png 768w, https:\/\/talents2germany.de\/ag\/wp-content\/uploads\/sites\/2\/2025\/05\/p_ba3cf036-70e9-11ef-bd18-829606c855ef-300x169.png 300w, https:\/\/talents2germany.de\/ag\/wp-content\/uploads\/sites\/2\/2025\/05\/p_ba3cf036-70e9-11ef-bd18-829606c855ef-1024x578.png 1024w, https:\/\/talents2germany.de\/ag\/wp-content\/uploads\/sites\/2\/2025\/05\/p_ba3cf036-70e9-11ef-bd18-829606c855ef.png 1360w\" sizes=\"(max-width: 768px) 100vw, 768px\" \/>\t\t\t\t\t\t\t\t\t\t\t\t\t\t\t<\/div>\n\t\t\t\t<\/div>\n\t\t<div class=\"elementor-element elementor-element-455cf4e e-flex e-con-boxed e-con e-child\" data-id=\"455cf4e\" data-element_type=\"container\" data-settings=\"{&quot;content_width&quot;:&quot;boxed&quot;}\">\n\t\t\t\t\t<div class=\"e-con-inner\">\n\t\t\t\t<div class=\"elementor-element elementor-element-e562d83 elementor-widget elementor-widget-heading\" data-id=\"e562d83\" data-element_type=\"widget\" data-widget_type=\"heading.default\">\n\t\t\t\t<div class=\"elementor-widget-container\">\n\t\t\t<h2 class=\"elementor-heading-title elementor-size-default\">Globale Expansion und vielf\u00e4ltige Auswirkungen:<\/h2>\t\t<\/div>\n\t\t\t\t<\/div>\n\t\t\t\t<div class=\"elementor-element elementor-element-70b529a elementor-widget elementor-widget-text-editor\" data-id=\"70b529a\" data-element_type=\"widget\" data-widget_type=\"text-editor.default\">\n\t\t\t\t<div class=\"elementor-widget-container\">\n\t\t\t\t\t\t\t<p><span style=\"white-space-collapse: preserve;\">So haben wir dann auf dem gesamten Globus gearbeitet. Unsere Kandidaten kommen heute aus ganz Asien, darunter viele Inder, Pakistaner und viele Menschen aus afrikanischen L\u00e4ndern sowie aus S\u00fcdamerika. Das Team von Talents2Germany besteht derzeit aus Personen aus den verschiedensten L\u00e4ndern der Welt. Wenn Sie mit uns zusammenarbeiten, werden Sie bei Gespr\u00e4chen mit unserem Team wahrscheinlich Gesichter aus Nigeria, Malawi, Indien und vielen anderen L\u00e4ndern sehen.<\/span><\/p>\t\t\t\t\t\t<\/div>\n\t\t\t\t<\/div>\n\t\t\t\t\t<\/div>\n\t\t\t\t<\/div>\n\t\t\t\t<\/div>\n\t\t\t\t<\/div>\n\t\t<div class=\"elementor-element elementor-element-34839b4 e-con-full e-flex e-con e-child\" data-id=\"34839b4\" data-element_type=\"container\" data-settings=\"{&quot;content_width&quot;:&quot;full&quot;}\">\n\t\t<div class=\"elementor-element elementor-element-89fe6b9 e-con-full e-flex e-con e-child\" data-id=\"89fe6b9\" data-element_type=\"container\" data-settings=\"{&quot;content_width&quot;:&quot;full&quot;}\">\n\t\t\t\t<div class=\"elementor-element elementor-element-3478e91 elementor-widget-divider--view-line elementor-widget elementor-widget-divider\" data-id=\"3478e91\" data-element_type=\"widget\" data-widget_type=\"divider.default\">\n\t\t\t\t<div class=\"elementor-widget-container\">\n\t\t\t\t\t<div class=\"elementor-divider\">\n\t\t\t<span class=\"elementor-divider-separator\">\n\t\t\t\t\t\t<\/span>\n\t\t<\/div>\n\t\t\t\t<\/div>\n\t\t\t\t<\/div>\n\t\t\t\t<div class=\"elementor-element elementor-element-eed1eca elementor-widget elementor-widget-heading\" data-id=\"eed1eca\" data-element_type=\"widget\" data-widget_type=\"heading.default\">\n\t\t\t\t<div class=\"elementor-widget-container\">\n\t\t\t<h2 class=\"elementor-heading-title elementor-size-default\">Jenseits der Migration - Ein Welleneffekt des positiven Wandels:<\/h2>\t\t<\/div>\n\t\t\t\t<\/div>\n\t\t\t\t<div class=\"elementor-element elementor-element-d2e1941 elementor-widget elementor-widget-text-editor\" data-id=\"d2e1941\" data-element_type=\"widget\" data-widget_type=\"text-editor.default\">\n\t\t\t\t<div class=\"elementor-widget-container\">\n\t\t\t\t\t\t\t<p>Wir haben Gespr\u00e4che gef\u00fchrt, in denen wir uns gegenseitig gefragt haben: Was motiviert uns, hier zu sein? Und wir haben dieses Gespr\u00e4ch mit einem Mitglied unseres Teams gef\u00fchrt, und er hat es sehr, sehr gut in Worte gefasst.<\/p><p>Er sagte: \u201eWas mich motiviert, ist mehr als die Menschen, denen wir helfen. Ich wei\u00df, dass jeder Mensch, den wir unterst\u00fctzen, im Durchschnitt 10-20 Menschen hat, die er mit ihm unterst\u00fctzt. Wir wissen nat\u00fcrlich, dass Menschen, die aus L\u00e4ndern mit einer anderen W\u00e4hrung einwandern, sehr oft Geld nach Hause schicken. Sie helfen ihren Geschwistern, zur Schule zu gehen, und sie helfen anderen in ihrer Familie und Gro\u00dffamilie, eine bessere Ausbildung zu erhalten. Die Wirkung geht also weit \u00fcber die Person hinaus, der wir helfen, und das ist unsere Motivation und unser Auftrag, die Welt zu einem besseren Ort zu machen.&#8221;<\/p>\t\t\t\t\t\t<\/div>\n\t\t\t\t<\/div>\n\t\t\t\t<\/div>\n\t\t<div class=\"elementor-element elementor-element-73cd3e9 e-con-full e-flex e-con e-child\" data-id=\"73cd3e9\" data-element_type=\"container\" data-settings=\"{&quot;content_width&quot;:&quot;full&quot;}\">\n\t\t\t\t<div class=\"elementor-element elementor-element-91bcf86 elementor-widget elementor-widget-image\" data-id=\"91bcf86\" data-element_type=\"widget\" data-widget_type=\"image.default\">\n\t\t\t\t<div class=\"elementor-widget-container\">\n\t\t\t\t\t\t\t\t\t\t\t\t\t\t\t<img loading=\"lazy\" decoding=\"async\" width=\"1024\" height=\"576\" src=\"https:\/\/talents2germany.de\/ag\/wp-content\/uploads\/sites\/2\/2025\/05\/geshichte3-1024x576.png\" class=\"attachment-large size-large wp-image-16026\" alt=\"\" srcset=\"https:\/\/talents2germany.de\/ag\/wp-content\/uploads\/sites\/2\/2025\/05\/geshichte3-1024x576.png 1024w, https:\/\/talents2germany.de\/ag\/wp-content\/uploads\/sites\/2\/2025\/05\/geshichte3-300x169.png 300w, https:\/\/talents2germany.de\/ag\/wp-content\/uploads\/sites\/2\/2025\/05\/geshichte3-768x432.png 768w, https:\/\/talents2germany.de\/ag\/wp-content\/uploads\/sites\/2\/2025\/05\/geshichte3.png 1404w\" sizes=\"(max-width: 1024px) 100vw, 1024px\" \/>\t\t\t\t\t\t\t\t\t\t\t\t\t\t\t<\/div>\n\t\t\t\t<\/div>\n\t\t\t\t<\/div>\n\t\t\t\t<\/div>\n\t\t\t\t<\/div>\n\t\t\t\t<\/div>\n\t\t\t\t\t\t\t<\/div>\n\t\t","protected":false},"excerpt":{"rendered":"<p>Wie ein Software-Ingenieur aus dem Iran den Start von Talents2Germany inspiriert hat:&#8221;> Wie ein Software-Ingenieur aus dem Iran den Start von Talents2Germany inspiriert hat: Die Geschichte von Talents2Germany beginnt mit Mahbod, einem Herrn aus dem Iran, den ich w\u00e4hrend meiner Arbeit bei meiner fr\u00fcheren Firma Biz4d kennengelernt hatte, die sich auf Unternehmensmentoring konzentrierte. Er hatte [&hellip;]<\/p>\n","protected":false},"author":8784,"featured_media":0,"parent":0,"menu_order":0,"comment_status":"closed","ping_status":"closed","template":"","meta":{"_acf_changed":false,"_mi_skip_tracking":false,"_monsterinsights_sitenote_active":false,"_monsterinsights_sitenote_note":"","_monsterinsights_sitenote_category":0,"_themeisle_gutenberg_block_has_review":false,"footnotes":""},"blocksy_meta":[],"acf":[],"aioseo_notices":[],"_links":{"self":[{"href":"https:\/\/talents2germany.de\/ag\/wp-json\/wp\/v2\/pages\/10569"}],"collection":[{"href":"https:\/\/talents2germany.de\/ag\/wp-json\/wp\/v2\/pages"}],"about":[{"href":"https:\/\/talents2germany.de\/ag\/wp-json\/wp\/v2\/types\/page"}],"author":[{"embeddable":true,"href":"https:\/\/talents2germany.de\/ag\/wp-json\/wp\/v2\/users\/8784"}],"replies":[{"embeddable":true,"href":"https:\/\/talents2germany.de\/ag\/wp-json\/wp\/v2\/comments?post=10569"}],"version-history":[{"count":3,"href":"https:\/\/talents2germany.de\/ag\/wp-json\/wp\/v2\/pages\/10569\/revisions"}],"predecessor-version":[{"id":16029,"href":"https:\/\/talents2germany.de\/ag\/wp-json\/wp\/v2\/pages\/10569\/revisions\/16029"}],"wp:attachment":[{"href":"https:\/\/talents2germany.de\/ag\/wp-json\/wp\/v2\/media?parent=10569"}],"curies":[{"name":"wp","href":"https:\/\/api.w.org\/{rel}","templated":true}]}}